{"id":333506,"date":"2022-04-04T08:45:00","date_gmt":"2022-04-04T08:45:00","guid":{"rendered":"https:\/\/escort-annoncelight.dk\/escort\/daddysgirl87\/"},"modified":"2023-08-16T10:38:50","modified_gmt":"2023-08-16T10:38:50","slug":"daddysgirl87","status":"publish","type":"product","link":"https:\/\/escort-annoncelight.dk\/da\/escort\/daddysgirl87\/","title":{"rendered":"Daddysgirl87"},"content":{"rendered":"<p>Jeg er en frisk pige med masser af appetit p\u00e5 livet. Er im\u00f8dekommende og synes selv jeg er meget \u00e5ben af natur. Jeg s\u00f8ger ny veje rent seksuelt, og har valgt at pr\u00f8ve denne side af, for at se hvad det kan f\u00f8re til.<\/p>","protected":false},"excerpt":{"rendered":"<p>Jeg er en frisk pige med masser af appetit p\u00e5 livet. Er im\u00f8dekommende og synes selv jeg er meget \u00e5ben af natur. Jeg s\u00f8ger ny veje rent seksuelt, og har valgt at pr\u00f8ve denne side af, for at se hvad det kan f\u00f8re til.<\/p>","protected":false},"featured_media":12374460,"template":"","meta":[],"product_brand":[],"product_cat":[2672],"product_tag":[2542,2546,2557,2535,2545,2552,2550,2554,2537,2543,2549,2536,2548,2559,2540,2547,2541,2544,2553,2555,2539,2556,2558,2551,2538],"class_list":{"0":"post-333506","1":"product","2":"type-product","3":"status-publish","4":"has-post-thumbnail","6":"product_cat-charlottenlund-escorts","7":"product_tag-annoncelight","8":"product_tag-annoncelight-dk","9":"product_tag-cam-sex","10":"product_tag-eroguide","11":"product_tag-erotik","12":"product_tag-escort-odense","13":"product_tag-escort-og-massage","14":"product_tag-escort-pige","15":"product_tag-escort-side","16":"product_tag-escort5","17":"product_tag-escorte","18":"product_tag-escortguide","19":"product_tag-escortguide-dk","20":"product_tag-gratis-erotik","21":"product_tag-gratis-sex","22":"product_tag-gratisporno","23":"product_tag-massage-escort","24":"product_tag-massage-og-escort","25":"product_tag-sex-escort","26":"product_tag-sex-i-danmark","27":"product_tag-side6","28":"product_tag-sugardaters","29":"product_tag-swingergaarden","30":"product_tag-telefonsex","31":"product_tag-xklub","32":"pa_enjoys-escort-girls-who-enjoy-whip","33":"pa_enjoys-escort-girls-who-like-69","34":"pa_enjoys-escort-girls-who-like-anal","35":"pa_enjoys-escort-girls-who-like-being-dominated","36":"pa_enjoys-escort-girls-who-like-blindfolding","37":"pa_enjoys-escort-girls-who-like-bondage","38":"pa_enjoys-escort-girls-who-like-dildo","39":"pa_enjoys-escort-girls-who-like-footjob","40":"pa_enjoys-escort-girls-who-like-massage","41":"pa_enjoys-escort-girls-who-like-nylon","42":"pa_enjoys-escort-girls-who-like-panties","43":"pa_enjoys-escort-girls-who-like-public","44":"pa_enjoys-escort-girls-who-like-romantic","45":"pa_enjoys-escort-girls-who-like-sex-toys","46":"pa_enjoys-escort-girls-who-like-shaved","47":"pa_enjoys-escort-girls-who-like-sm","48":"pa_enjoys-escort-girls-who-like-squirting","49":"pa_enjoys-escort-girls-who-like-teasing","50":"pa_enjoys-escort-girls-who-like-threesome","51":"pa_enjoys-escort-girls-who-like-to-dominate","53":"first","54":"instock","55":"shipping-taxable","56":"product-type-external"},"yoast_head":"<!-- This site is optimized with the Yoast SEO Premium plugin v22.3 (Yoast SEO v27.3) - https:\/\/yoast.com\/product\/yoast-seo-premium-wordpress\/ -->\n<title>Daddysgirl87 - Escort Annoncelight<\/title>\n<meta name=\"description\" content=\"Daddysgirl87 is a girl that is available in Denmark from Escort Annoncelight for you to contact. Contact Daddysgirl87 today. Escort Annoncelight\" \/>\n<meta name=\"robots\" content=\"index, follow, max-snippet:-1, max-image-preview:large, max-video-preview:-1\" \/>\n<link rel=\"canonical\" href=\"http:\/\/escort-annoncelight.dk\/da\/eskortere\/daddysgirl87\/\" \/>\n<meta property=\"og:locale\" content=\"da_DK\" \/>\n<meta property=\"og:type\" content=\"article\" \/>\n<meta property=\"og:title\" content=\"Daddysgirl87\" \/>\n<meta property=\"og:description\" content=\"Daddysgirl87 is a girl that is available in Denmark from Escort Annoncelight for you to contact. Contact Daddysgirl87 today. Escort Annoncelight\" \/>\n<meta property=\"og:url\" content=\"http:\/\/escort-annoncelight.dk\/da\/eskortere\/daddysgirl87\/\" \/>\n<meta property=\"og:site_name\" content=\"Escort Annoncelight\" \/>\n<meta property=\"article:modified_time\" content=\"2023-08-16T10:38:50+00:00\" \/>\n<meta property=\"og:image\" content=\"http:\/\/escort-annoncelight.dk\/wp-content\/uploads\/2023\/08\/333506_1.jpg\" \/>\n\t<meta property=\"og:image:width\" content=\"1\" \/>\n\t<meta property=\"og:image:height\" content=\"1\" \/>\n\t<meta property=\"og:image:type\" content=\"image\/jpeg\" \/>\n<meta name=\"twitter:card\" content=\"summary_large_image\" \/>\n<script type=\"application\/ld+json\" class=\"yoast-schema-graph\">{\"@context\":\"https:\\\/\\\/schema.org\",\"@graph\":[{\"@type\":\"WebPage\",\"@id\":\"http:\\\/\\\/escort-annoncelight.dk\\\/escort\\\/daddysgirl87\\\/\",\"url\":\"http:\\\/\\\/escort-annoncelight.dk\\\/escort\\\/daddysgirl87\\\/\",\"name\":\"Daddysgirl87 - Escort Annoncelight\",\"isPartOf\":{\"@id\":\"https:\\\/\\\/escort-annoncelight.dk\\\/#website\"},\"primaryImageOfPage\":{\"@id\":\"http:\\\/\\\/escort-annoncelight.dk\\\/escort\\\/daddysgirl87\\\/#primaryimage\"},\"image\":{\"@id\":\"http:\\\/\\\/escort-annoncelight.dk\\\/escort\\\/daddysgirl87\\\/#primaryimage\"},\"thumbnailUrl\":\"https:\\\/\\\/escort-annoncelight.dk\\\/wp-content\\\/uploads\\\/2023\\\/08\\\/333506_1.jpg\",\"datePublished\":\"2022-04-04T08:45:00+00:00\",\"dateModified\":\"2023-08-16T10:38:50+00:00\",\"description\":\"Daddysgirl87 is a girl that is available in Denmark from Escort Annoncelight for you to contact. Contact Daddysgirl87 today. Escort Annoncelight\",\"breadcrumb\":{\"@id\":\"http:\\\/\\\/escort-annoncelight.dk\\\/escort\\\/daddysgirl87\\\/#breadcrumb\"},\"inLanguage\":\"da-DK\",\"potentialAction\":[{\"@type\":\"ReadAction\",\"target\":[\"http:\\\/\\\/escort-annoncelight.dk\\\/escort\\\/daddysgirl87\\\/\"]}]},{\"@type\":\"ImageObject\",\"inLanguage\":\"da-DK\",\"@id\":\"http:\\\/\\\/escort-annoncelight.dk\\\/escort\\\/daddysgirl87\\\/#primaryimage\",\"url\":\"https:\\\/\\\/escort-annoncelight.dk\\\/wp-content\\\/uploads\\\/2023\\\/08\\\/333506_1.jpg\",\"contentUrl\":\"https:\\\/\\\/escort-annoncelight.dk\\\/wp-content\\\/uploads\\\/2023\\\/08\\\/333506_1.jpg\",\"caption\":\"Daddysgirl87\"},{\"@type\":\"BreadcrumbList\",\"@id\":\"http:\\\/\\\/escort-annoncelight.dk\\\/escort\\\/daddysgirl87\\\/#breadcrumb\",\"itemListElement\":[{\"@type\":\"ListItem\",\"position\":1,\"name\":\"Home\",\"item\":\"https:\\\/\\\/escort-annoncelight.dk\\\/\"},{\"@type\":\"ListItem\",\"position\":2,\"name\":\"Escort Annoncelight\",\"item\":\"https:\\\/\\\/escort-annoncelight.dk\\\/\"},{\"@type\":\"ListItem\",\"position\":3,\"name\":\"Daddysgirl87\"}]},{\"@type\":\"WebSite\",\"@id\":\"https:\\\/\\\/escort-annoncelight.dk\\\/#website\",\"url\":\"https:\\\/\\\/escort-annoncelight.dk\\\/\",\"name\":\"Sextjejer\",\"description\":\"\",\"publisher\":{\"@id\":\"https:\\\/\\\/escort-annoncelight.dk\\\/#organization\"},\"alternateName\":\"Escorts\",\"potentialAction\":[{\"@type\":\"SearchAction\",\"target\":{\"@type\":\"EntryPoint\",\"urlTemplate\":\"https:\\\/\\\/escort-annoncelight.dk\\\/?s={search_term_string}\"},\"query-input\":{\"@type\":\"PropertyValueSpecification\",\"valueRequired\":true,\"valueName\":\"search_term_string\"}}],\"inLanguage\":\"da-DK\"},{\"@type\":\"Organization\",\"@id\":\"https:\\\/\\\/escort-annoncelight.dk\\\/#organization\",\"name\":\"Sextjejer\",\"url\":\"https:\\\/\\\/escort-annoncelight.dk\\\/\",\"logo\":{\"@type\":\"ImageObject\",\"inLanguage\":\"da-DK\",\"@id\":\"https:\\\/\\\/escort-annoncelight.dk\\\/#\\\/schema\\\/logo\\\/image\\\/\",\"url\":\"https:\\\/\\\/escort-annoncelight.dk\\\/wp-content\\\/uploads\\\/2023\\\/08\\\/cropped-Escort-annoncelight.dk_.jpg\",\"contentUrl\":\"https:\\\/\\\/escort-annoncelight.dk\\\/wp-content\\\/uploads\\\/2023\\\/08\\\/cropped-Escort-annoncelight.dk_.jpg\",\"width\":200,\"height\":67,\"caption\":\"Sextjejer\"},\"image\":{\"@id\":\"https:\\\/\\\/escort-annoncelight.dk\\\/#\\\/schema\\\/logo\\\/image\\\/\"}}]}<\/script>\n<!-- \/ Yoast SEO Premium plugin. -->","yoast_head_json":{"title":"Daddysgirl87 - Escort Annoncelight","description":"Daddysgirl87 is a girl that is available in Denmark from Escort Annoncelight for you to contact. Contact Daddysgirl87 today. Escort Annoncelight","robots":{"index":"index","follow":"follow","max-snippet":"max-snippet:-1","max-image-preview":"max-image-preview:large","max-video-preview":"max-video-preview:-1"},"canonical":"http:\/\/escort-annoncelight.dk\/da\/eskortere\/daddysgirl87\/","og_locale":"da_DK","og_type":"article","og_title":"Daddysgirl87","og_description":"Daddysgirl87 is a girl that is available in Denmark from Escort Annoncelight for you to contact. Contact Daddysgirl87 today. Escort Annoncelight","og_url":"http:\/\/escort-annoncelight.dk\/da\/eskortere\/daddysgirl87\/","og_site_name":"Escort Annoncelight","article_modified_time":"2023-08-16T10:38:50+00:00","og_image":[{"url":"http:\/\/escort-annoncelight.dk\/wp-content\/uploads\/2023\/08\/333506_1.jpg","width":1,"height":1,"type":"image\/jpeg"}],"twitter_card":"summary_large_image","schema":{"@context":"https:\/\/schema.org","@graph":[{"@type":"WebPage","@id":"http:\/\/escort-annoncelight.dk\/escort\/daddysgirl87\/","url":"http:\/\/escort-annoncelight.dk\/escort\/daddysgirl87\/","name":"Daddysgirl87 - Escort Annoncelight","isPartOf":{"@id":"https:\/\/escort-annoncelight.dk\/#website"},"primaryImageOfPage":{"@id":"http:\/\/escort-annoncelight.dk\/escort\/daddysgirl87\/#primaryimage"},"image":{"@id":"http:\/\/escort-annoncelight.dk\/escort\/daddysgirl87\/#primaryimage"},"thumbnailUrl":"https:\/\/escort-annoncelight.dk\/wp-content\/uploads\/2023\/08\/333506_1.jpg","datePublished":"2022-04-04T08:45:00+00:00","dateModified":"2023-08-16T10:38:50+00:00","description":"Daddysgirl87 is a girl that is available in Denmark from Escort Annoncelight for you to contact. Contact Daddysgirl87 today. Escort Annoncelight","breadcrumb":{"@id":"http:\/\/escort-annoncelight.dk\/escort\/daddysgirl87\/#breadcrumb"},"inLanguage":"da-DK","potentialAction":[{"@type":"ReadAction","target":["http:\/\/escort-annoncelight.dk\/escort\/daddysgirl87\/"]}]},{"@type":"ImageObject","inLanguage":"da-DK","@id":"http:\/\/escort-annoncelight.dk\/escort\/daddysgirl87\/#primaryimage","url":"https:\/\/escort-annoncelight.dk\/wp-content\/uploads\/2023\/08\/333506_1.jpg","contentUrl":"https:\/\/escort-annoncelight.dk\/wp-content\/uploads\/2023\/08\/333506_1.jpg","caption":"Daddysgirl87"},{"@type":"BreadcrumbList","@id":"http:\/\/escort-annoncelight.dk\/escort\/daddysgirl87\/#breadcrumb","itemListElement":[{"@type":"ListItem","position":1,"name":"Home","item":"https:\/\/escort-annoncelight.dk\/"},{"@type":"ListItem","position":2,"name":"Escort Annoncelight","item":"https:\/\/escort-annoncelight.dk\/"},{"@type":"ListItem","position":3,"name":"Daddysgirl87"}]},{"@type":"WebSite","@id":"https:\/\/escort-annoncelight.dk\/#website","url":"https:\/\/escort-annoncelight.dk\/","name":"Sextjejer","description":"","publisher":{"@id":"https:\/\/escort-annoncelight.dk\/#organization"},"alternateName":"Escorts","potentialAction":[{"@type":"SearchAction","target":{"@type":"EntryPoint","urlTemplate":"https:\/\/escort-annoncelight.dk\/?s={search_term_string}"},"query-input":{"@type":"PropertyValueSpecification","valueRequired":true,"valueName":"search_term_string"}}],"inLanguage":"da-DK"},{"@type":"Organization","@id":"https:\/\/escort-annoncelight.dk\/#organization","name":"Sextjejer","url":"https:\/\/escort-annoncelight.dk\/","logo":{"@type":"ImageObject","inLanguage":"da-DK","@id":"https:\/\/escort-annoncelight.dk\/#\/schema\/logo\/image\/","url":"https:\/\/escort-annoncelight.dk\/wp-content\/uploads\/2023\/08\/cropped-Escort-annoncelight.dk_.jpg","contentUrl":"https:\/\/escort-annoncelight.dk\/wp-content\/uploads\/2023\/08\/cropped-Escort-annoncelight.dk_.jpg","width":200,"height":67,"caption":"Sextjejer"},"image":{"@id":"https:\/\/escort-annoncelight.dk\/#\/schema\/logo\/image\/"}}]}},"_links":{"self":[{"href":"https:\/\/escort-annoncelight.dk\/da\/wp-json\/wp\/v2\/product\/333506","targetHints":{"allow":["GET"]}}],"collection":[{"href":"https:\/\/escort-annoncelight.dk\/da\/wp-json\/wp\/v2\/product"}],"about":[{"href":"https:\/\/escort-annoncelight.dk\/da\/wp-json\/wp\/v2\/types\/product"}],"wp:featuredmedia":[{"embeddable":true,"href":"https:\/\/escort-annoncelight.dk\/da\/wp-json\/wp\/v2\/media\/12374460"}],"wp:attachment":[{"href":"https:\/\/escort-annoncelight.dk\/da\/wp-json\/wp\/v2\/media?parent=333506"}],"wp:term":[{"taxonomy":"product_brand","embeddable":true,"href":"https:\/\/escort-annoncelight.dk\/da\/wp-json\/wp\/v2\/product_brand?post=333506"},{"taxonomy":"product_cat","embeddable":true,"href":"https:\/\/escort-annoncelight.dk\/da\/wp-json\/wp\/v2\/product_cat?post=333506"},{"taxonomy":"product_tag","embeddable":true,"href":"https:\/\/escort-annoncelight.dk\/da\/wp-json\/wp\/v2\/product_tag?post=333506"}],"curies":[{"name":"wp","href":"https:\/\/api.w.org\/{rel}","templated":true}]}}