{"id":333434,"date":"2024-03-17T08:14:01","date_gmt":"2024-03-17T08:14:01","guid":{"rendered":"https:\/\/escort-annoncelight.dk\/?post_type=product&#038;p=333434"},"modified":"2024-03-17T08:14:01","modified_gmt":"2024-03-17T08:14:01","slug":"tmz87","status":"publish","type":"product","link":"https:\/\/escort-annoncelight.dk\/da\/escort\/tmz87\/","title":{"rendered":"TMZ87"},"content":{"rendered":"<p>Hej med dig og velkommen her. Jeg hedder Rikke og arbejder som model, det er vildt sp\u00e6ndende og jeg er meget glad for det, man m\u00f8der s\u00e5 mange nye mennesker, men den rigtige fyr har jeg desv\u00e6rre ikke m\u00f8dt endnu, men det h\u00e5ber jeg s\u00e5 sker her !<\/p>","protected":false},"excerpt":{"rendered":"<p>Hej med dig og velkommen her. Jeg hedder Rikke og arbejder som model, det er vildt sp\u00e6ndende og jeg er meget glad for det, man m\u00f8der s\u00e5 mange nye mennesker, men den rigtige fyr har jeg desv\u00e6rre ikke m\u00f8dt endnu, men det h\u00e5ber jeg s\u00e5 sker her !<\/p>","protected":false},"featured_media":12377932,"template":"","meta":[],"product_brand":[],"product_cat":[2764],"product_tag":[2542,2546,2557,2535,2545,2552,2550,2554,2537,2543,2549,2536,2548,2559,2540,2547,2541,2544,2553,2555,2539,2556,2558,2551,2538],"class_list":{"0":"post-333434","1":"product","2":"type-product","3":"status-publish","4":"has-post-thumbnail","6":"product_cat-copenhagen-escorts","7":"product_tag-annoncelight","8":"product_tag-annoncelight-dk","9":"product_tag-cam-sex","10":"product_tag-eroguide","11":"product_tag-erotik","12":"product_tag-escort-odense","13":"product_tag-escort-og-massage","14":"product_tag-escort-pige","15":"product_tag-escort-side","16":"product_tag-escort5","17":"product_tag-escorte","18":"product_tag-escortguide","19":"product_tag-escortguide-dk","20":"product_tag-gratis-erotik","21":"product_tag-gratis-sex","22":"product_tag-gratisporno","23":"product_tag-massage-escort","24":"product_tag-massage-og-escort","25":"product_tag-sex-escort","26":"product_tag-sex-i-danmark","27":"product_tag-side6","28":"product_tag-sugardaters","29":"product_tag-swingergaarden","30":"product_tag-telefonsex","31":"product_tag-xklub","32":"pa_enjoys-escort-girls-who-like-69","33":"pa_enjoys-escort-girls-who-like-cowgirl","34":"pa_enjoys-escort-girls-who-like-cybersex","35":"pa_enjoys-escort-girls-who-like-dildo","36":"pa_enjoys-escort-girls-who-like-doggy-style","37":"pa_enjoys-escort-girls-who-like-kissing","38":"pa_enjoys-escort-girls-who-like-lingerie","39":"pa_enjoys-escort-girls-who-like-massage","40":"pa_enjoys-escort-girls-who-like-masturbation","41":"pa_enjoys-escort-girls-who-like-missionary","42":"pa_enjoys-escort-girls-who-like-oral-sex","43":"pa_enjoys-escort-girls-who-like-piercing","44":"pa_enjoys-escort-girls-who-like-reverse-cowgirl","45":"pa_enjoys-escort-girls-who-like-romantic","46":"pa_enjoys-escort-girls-who-like-straight-sex","47":"pa_places-norrebro","48":"pa_places-amager-east","49":"pa_places-nyhavn","50":"pa_places-nordvest","51":"pa_places-indre-by","52":"pa_places-bispebjerg","53":"pa_places-superkilen","54":"pa_places-vanlose","55":"pa_places-frederiksberg-park","56":"pa_places-sydhavnen","57":"pa_places-amager","58":"pa_places-carlsberg-byen","59":"pa_places-refshaleoen","60":"pa_places-kobenhavn-k","61":"pa_places-nordhavn","62":"pa_places-copenhagen-airport","63":"pa_places-valby","64":"pa_places-copenhagen-city","65":"pa_places-islands-brygge","66":"pa_places-freetown-christiania","67":"pa_places-orestad","69":"first","70":"instock","71":"shipping-taxable","72":"product-type-external"},"yoast_head":"<!-- This site is optimized with the Yoast SEO Premium plugin v22.3 (Yoast SEO v27.0) - https:\/\/yoast.com\/product\/yoast-seo-premium-wordpress\/ -->\n<title>TMZ87 - Escort Annoncelight<\/title>\n<meta name=\"description\" content=\"TMZ87 is a girl that is available in Denmark from Escort Annoncelight for you to contact. Contact TMZ87 today. Escort Annoncelight\" \/>\n<meta name=\"robots\" content=\"index, follow, max-snippet:-1, max-image-preview:large, max-video-preview:-1\" \/>\n<link rel=\"canonical\" href=\"https:\/\/escort-annoncelight.dk\/da\/eskortere\/tmz87\/\" \/>\n<meta property=\"og:locale\" content=\"da_DK\" \/>\n<meta property=\"og:type\" content=\"article\" \/>\n<meta property=\"og:title\" content=\"TMZ87\" \/>\n<meta property=\"og:description\" content=\"TMZ87 is a girl that is available in Denmark from Escort Annoncelight for you to contact. Contact TMZ87 today. Escort Annoncelight\" \/>\n<meta property=\"og:url\" content=\"https:\/\/escort-annoncelight.dk\/da\/eskortere\/tmz87\/\" \/>\n<meta property=\"og:site_name\" content=\"Escort Annoncelight\" \/>\n<meta property=\"og:image\" content=\"https:\/\/escort-annoncelight.dk\/wp-content\/uploads\/2023\/08\/333434_1.jpg\" \/>\n\t<meta property=\"og:image:width\" content=\"1\" \/>\n\t<meta property=\"og:image:height\" content=\"1\" \/>\n\t<meta property=\"og:image:type\" content=\"image\/jpeg\" \/>\n<meta name=\"twitter:card\" content=\"summary_large_image\" \/>\n<script type=\"application\/ld+json\" class=\"yoast-schema-graph\">{\"@context\":\"https:\/\/schema.org\",\"@graph\":[{\"@type\":\"WebPage\",\"@id\":\"https:\/\/escort-annoncelight.dk\/escort\/tmz87\/\",\"url\":\"https:\/\/escort-annoncelight.dk\/escort\/tmz87\/\",\"name\":\"TMZ87 - Escort Annoncelight\",\"isPartOf\":{\"@id\":\"http:\/\/escort-annoncelight.dk\/da\/#website\"},\"primaryImageOfPage\":{\"@id\":\"https:\/\/escort-annoncelight.dk\/escort\/tmz87\/#primaryimage\"},\"image\":{\"@id\":\"https:\/\/escort-annoncelight.dk\/escort\/tmz87\/#primaryimage\"},\"thumbnailUrl\":\"https:\/\/escort-annoncelight.dk\/wp-content\/uploads\/2023\/08\/333434_1.jpg\",\"datePublished\":\"2024-03-17T08:14:01+00:00\",\"description\":\"TMZ87 is a girl that is available in Denmark from Escort Annoncelight for you to contact. Contact TMZ87 today. Escort Annoncelight\",\"breadcrumb\":{\"@id\":\"https:\/\/escort-annoncelight.dk\/escort\/tmz87\/#breadcrumb\"},\"inLanguage\":\"da-DK\",\"potentialAction\":[{\"@type\":\"ReadAction\",\"target\":[\"https:\/\/escort-annoncelight.dk\/escort\/tmz87\/\"]}]},{\"@type\":\"ImageObject\",\"inLanguage\":\"da-DK\",\"@id\":\"https:\/\/escort-annoncelight.dk\/escort\/tmz87\/#primaryimage\",\"url\":\"https:\/\/escort-annoncelight.dk\/wp-content\/uploads\/2023\/08\/333434_1.jpg\",\"contentUrl\":\"https:\/\/escort-annoncelight.dk\/wp-content\/uploads\/2023\/08\/333434_1.jpg\",\"caption\":\"TMZ87\"},{\"@type\":\"BreadcrumbList\",\"@id\":\"https:\/\/escort-annoncelight.dk\/escort\/tmz87\/#breadcrumb\",\"itemListElement\":[{\"@type\":\"ListItem\",\"position\":1,\"name\":\"Home\",\"item\":\"http:\/\/escort-annoncelight.dk\/da\/\"},{\"@type\":\"ListItem\",\"position\":2,\"name\":\"Escort Annoncelight\",\"item\":\"http:\/\/escort-annoncelight.dk\/da\/\"},{\"@type\":\"ListItem\",\"position\":3,\"name\":\"TMZ87\"}]},{\"@type\":\"WebSite\",\"@id\":\"http:\/\/escort-annoncelight.dk\/da\/#website\",\"url\":\"http:\/\/escort-annoncelight.dk\/da\/\",\"name\":\"Sextjejer\",\"description\":\"\",\"publisher\":{\"@id\":\"http:\/\/escort-annoncelight.dk\/da\/#organization\"},\"alternateName\":\"Escorts\",\"potentialAction\":[{\"@type\":\"SearchAction\",\"target\":{\"@type\":\"EntryPoint\",\"urlTemplate\":\"http:\/\/escort-annoncelight.dk\/da\/?s={search_term_string}\"},\"query-input\":{\"@type\":\"PropertyValueSpecification\",\"valueRequired\":true,\"valueName\":\"search_term_string\"}}],\"inLanguage\":\"da-DK\"},{\"@type\":\"Organization\",\"@id\":\"http:\/\/escort-annoncelight.dk\/da\/#organization\",\"name\":\"Sextjejer\",\"url\":\"http:\/\/escort-annoncelight.dk\/da\/\",\"logo\":{\"@type\":\"ImageObject\",\"inLanguage\":\"da-DK\",\"@id\":\"http:\/\/escort-annoncelight.dk\/da\/#\/schema\/logo\/image\/\",\"url\":\"https:\/\/escort-annoncelight.dk\/wp-content\/uploads\/2023\/08\/cropped-Escort-annoncelight.dk_.jpg\",\"contentUrl\":\"https:\/\/escort-annoncelight.dk\/wp-content\/uploads\/2023\/08\/cropped-Escort-annoncelight.dk_.jpg\",\"width\":200,\"height\":67,\"caption\":\"Sextjejer\"},\"image\":{\"@id\":\"http:\/\/escort-annoncelight.dk\/da\/#\/schema\/logo\/image\/\"}}]}<\/script>\n<!-- \/ Yoast SEO Premium plugin. -->","yoast_head_json":{"title":"TMZ87 - Escort Annoncelight","description":"TMZ87 is a girl that is available in Denmark from Escort Annoncelight for you to contact. Contact TMZ87 today. Escort Annoncelight","robots":{"index":"index","follow":"follow","max-snippet":"max-snippet:-1","max-image-preview":"max-image-preview:large","max-video-preview":"max-video-preview:-1"},"canonical":"https:\/\/escort-annoncelight.dk\/da\/eskortere\/tmz87\/","og_locale":"da_DK","og_type":"article","og_title":"TMZ87","og_description":"TMZ87 is a girl that is available in Denmark from Escort Annoncelight for you to contact. Contact TMZ87 today. Escort Annoncelight","og_url":"https:\/\/escort-annoncelight.dk\/da\/eskortere\/tmz87\/","og_site_name":"Escort Annoncelight","og_image":[{"url":"https:\/\/escort-annoncelight.dk\/wp-content\/uploads\/2023\/08\/333434_1.jpg","width":1,"height":1,"type":"image\/jpeg"}],"twitter_card":"summary_large_image","schema":{"@context":"https:\/\/schema.org","@graph":[{"@type":"WebPage","@id":"https:\/\/escort-annoncelight.dk\/escort\/tmz87\/","url":"https:\/\/escort-annoncelight.dk\/escort\/tmz87\/","name":"TMZ87 - Escort Annoncelight","isPartOf":{"@id":"http:\/\/escort-annoncelight.dk\/da\/#website"},"primaryImageOfPage":{"@id":"https:\/\/escort-annoncelight.dk\/escort\/tmz87\/#primaryimage"},"image":{"@id":"https:\/\/escort-annoncelight.dk\/escort\/tmz87\/#primaryimage"},"thumbnailUrl":"https:\/\/escort-annoncelight.dk\/wp-content\/uploads\/2023\/08\/333434_1.jpg","datePublished":"2024-03-17T08:14:01+00:00","description":"TMZ87 is a girl that is available in Denmark from Escort Annoncelight for you to contact. Contact TMZ87 today. Escort Annoncelight","breadcrumb":{"@id":"https:\/\/escort-annoncelight.dk\/escort\/tmz87\/#breadcrumb"},"inLanguage":"da-DK","potentialAction":[{"@type":"ReadAction","target":["https:\/\/escort-annoncelight.dk\/escort\/tmz87\/"]}]},{"@type":"ImageObject","inLanguage":"da-DK","@id":"https:\/\/escort-annoncelight.dk\/escort\/tmz87\/#primaryimage","url":"https:\/\/escort-annoncelight.dk\/wp-content\/uploads\/2023\/08\/333434_1.jpg","contentUrl":"https:\/\/escort-annoncelight.dk\/wp-content\/uploads\/2023\/08\/333434_1.jpg","caption":"TMZ87"},{"@type":"BreadcrumbList","@id":"https:\/\/escort-annoncelight.dk\/escort\/tmz87\/#breadcrumb","itemListElement":[{"@type":"ListItem","position":1,"name":"Home","item":"http:\/\/escort-annoncelight.dk\/da\/"},{"@type":"ListItem","position":2,"name":"Escort Annoncelight","item":"http:\/\/escort-annoncelight.dk\/da\/"},{"@type":"ListItem","position":3,"name":"TMZ87"}]},{"@type":"WebSite","@id":"http:\/\/escort-annoncelight.dk\/da\/#website","url":"http:\/\/escort-annoncelight.dk\/da\/","name":"Sextjejer","description":"","publisher":{"@id":"http:\/\/escort-annoncelight.dk\/da\/#organization"},"alternateName":"Escorts","potentialAction":[{"@type":"SearchAction","target":{"@type":"EntryPoint","urlTemplate":"http:\/\/escort-annoncelight.dk\/da\/?s={search_term_string}"},"query-input":{"@type":"PropertyValueSpecification","valueRequired":true,"valueName":"search_term_string"}}],"inLanguage":"da-DK"},{"@type":"Organization","@id":"http:\/\/escort-annoncelight.dk\/da\/#organization","name":"Sextjejer","url":"http:\/\/escort-annoncelight.dk\/da\/","logo":{"@type":"ImageObject","inLanguage":"da-DK","@id":"http:\/\/escort-annoncelight.dk\/da\/#\/schema\/logo\/image\/","url":"https:\/\/escort-annoncelight.dk\/wp-content\/uploads\/2023\/08\/cropped-Escort-annoncelight.dk_.jpg","contentUrl":"https:\/\/escort-annoncelight.dk\/wp-content\/uploads\/2023\/08\/cropped-Escort-annoncelight.dk_.jpg","width":200,"height":67,"caption":"Sextjejer"},"image":{"@id":"http:\/\/escort-annoncelight.dk\/da\/#\/schema\/logo\/image\/"}}]}},"_links":{"self":[{"href":"https:\/\/escort-annoncelight.dk\/da\/wp-json\/wp\/v2\/product\/333434","targetHints":{"allow":["GET"]}}],"collection":[{"href":"https:\/\/escort-annoncelight.dk\/da\/wp-json\/wp\/v2\/product"}],"about":[{"href":"https:\/\/escort-annoncelight.dk\/da\/wp-json\/wp\/v2\/types\/product"}],"wp:featuredmedia":[{"embeddable":true,"href":"https:\/\/escort-annoncelight.dk\/da\/wp-json\/wp\/v2\/media\/12377932"}],"wp:attachment":[{"href":"https:\/\/escort-annoncelight.dk\/da\/wp-json\/wp\/v2\/media?parent=333434"}],"wp:term":[{"taxonomy":"product_brand","embeddable":true,"href":"https:\/\/escort-annoncelight.dk\/da\/wp-json\/wp\/v2\/product_brand?post=333434"},{"taxonomy":"product_cat","embeddable":true,"href":"https:\/\/escort-annoncelight.dk\/da\/wp-json\/wp\/v2\/product_cat?post=333434"},{"taxonomy":"product_tag","embeddable":true,"href":"https:\/\/escort-annoncelight.dk\/da\/wp-json\/wp\/v2\/product_tag?post=333434"}],"curies":[{"name":"wp","href":"https:\/\/api.w.org\/{rel}","templated":true}]}}