{"id":333385,"date":"2024-02-25T08:15:30","date_gmt":"2024-02-25T08:15:30","guid":{"rendered":"https:\/\/escort-annoncelight.dk\/?post_type=product&#038;p=333385"},"modified":"2024-02-25T08:15:30","modified_gmt":"2024-02-25T08:15:30","slug":"smackthat","status":"publish","type":"product","link":"https:\/\/escort-annoncelight.dk\/da\/escort\/smackthat\/","title":{"rendered":"SmackThat"},"content":{"rendered":"<p>Hejsa. Foretr\u00e6kker at v\u00e6re anonym indtil videre pga. bekendte osv. det h\u00e5ber jeg folk kan respektere. Jeg har nogle \u00f8nsker og fantasier til bagdelen som du kan se her p\u00e5 min profil, involverer anal lege spanking og sm, elsker bare f\u00f8lelsen der lige p\u00e5 gr\u00e6nsen mellem nydelse og forf\u00e6rdelig smerte. Hehe ja kald mig bare freak. Men det er fantastisk \ud83d\ude42 Vil du v\u00e6re med?<\/p>","protected":false},"excerpt":{"rendered":"<p>Hejsa. Foretr\u00e6kker at v\u00e6re anonym indtil videre pga. bekendte osv. det h\u00e5ber jeg folk kan respektere. Jeg har nogle \u00f8nsker og fantasier til bagdelen som du kan se her p\u00e5 min profil, involverer anal lege spanking og sm, elsker bare f\u00f8lelsen der lige p\u00e5 gr\u00e6nsen mellem nydelse og forf\u00e6rdelig smerte. Hehe ja kald mig bare &hellip; <a href=\"https:\/\/escort-annoncelight.dk\/da\/escort\/smackthat\/\" class=\"more-link\">Continue reading <span class=\"screen-reader-text\">SmackThat<\/span><\/a><\/p>","protected":false},"featured_media":12375191,"template":"","meta":[],"product_brand":[],"product_cat":[2736],"product_tag":[2542,2546,2557,2535,2545,2552,2550,2554,2537,2543,2549,2536,2548,2559,2540,2547,2541,2544,2553,2555,2539,2556,2558,2551,2538],"class_list":{"0":"post-333385","1":"product","2":"type-product","3":"status-publish","4":"has-post-thumbnail","6":"product_cat-hillerod","7":"product_tag-annoncelight","8":"product_tag-annoncelight-dk","9":"product_tag-cam-sex","10":"product_tag-eroguide","11":"product_tag-erotik","12":"product_tag-escort-odense","13":"product_tag-escort-og-massage","14":"product_tag-escort-pige","15":"product_tag-escort-side","16":"product_tag-escort5","17":"product_tag-escorte","18":"product_tag-escortguide","19":"product_tag-escortguide-dk","20":"product_tag-gratis-erotik","21":"product_tag-gratis-sex","22":"product_tag-gratisporno","23":"product_tag-massage-escort","24":"product_tag-massage-og-escort","25":"product_tag-sex-escort","26":"product_tag-sex-i-danmark","27":"product_tag-side6","28":"product_tag-sugardaters","29":"product_tag-swingergaarden","30":"product_tag-telefonsex","31":"product_tag-xklub","32":"pa_enjoys-escort-girls-who-enjoy-whip","33":"pa_enjoys-escort-girls-who-like-anal","34":"pa_enjoys-escort-girls-who-like-butt-plug","35":"pa_enjoys-escort-girls-who-like-dildo","36":"pa_enjoys-escort-girls-who-like-rimming","37":"pa_enjoys-escort-girls-who-like-sm","38":"pa_enjoys-escort-girls-who-like-spanking","40":"first","41":"instock","42":"shipping-taxable","43":"product-type-external"},"yoast_head":"<!-- This site is optimized with the Yoast SEO Premium plugin v22.3 (Yoast SEO v27.3) - https:\/\/yoast.com\/product\/yoast-seo-premium-wordpress\/ -->\n<title>SmackThat - Escort Annoncelight<\/title>\n<meta name=\"description\" content=\"SmackThat is a girl that is available in Denmark from Escort Annoncelight for you to contact. Contact SmackThat today. Escort Annoncelight\" \/>\n<meta name=\"robots\" content=\"index, follow, max-snippet:-1, max-image-preview:large, max-video-preview:-1\" \/>\n<link rel=\"canonical\" href=\"https:\/\/escort-annoncelight.dk\/da\/eskortere\/smackthat\/\" \/>\n<meta property=\"og:locale\" content=\"da_DK\" \/>\n<meta property=\"og:type\" content=\"article\" \/>\n<meta property=\"og:title\" content=\"SmackThat\" \/>\n<meta property=\"og:description\" content=\"SmackThat is a girl that is available in Denmark from Escort Annoncelight for you to contact. Contact SmackThat today. Escort Annoncelight\" \/>\n<meta property=\"og:url\" content=\"https:\/\/escort-annoncelight.dk\/da\/eskortere\/smackthat\/\" \/>\n<meta property=\"og:site_name\" content=\"Escort Annoncelight\" \/>\n<meta property=\"og:image\" content=\"https:\/\/escort-annoncelight.dk\/wp-content\/uploads\/2023\/08\/333385_1.jpg\" \/>\n\t<meta property=\"og:image:width\" content=\"1\" \/>\n\t<meta property=\"og:image:height\" content=\"1\" \/>\n\t<meta property=\"og:image:type\" content=\"image\/jpeg\" \/>\n<meta name=\"twitter:card\" content=\"summary_large_image\" \/>\n<script type=\"application\/ld+json\" class=\"yoast-schema-graph\">{\"@context\":\"https:\\\/\\\/schema.org\",\"@graph\":[{\"@type\":\"WebPage\",\"@id\":\"https:\\\/\\\/escort-annoncelight.dk\\\/da\\\/eskortere\\\/smackthat\\\/\",\"url\":\"https:\\\/\\\/escort-annoncelight.dk\\\/da\\\/eskortere\\\/smackthat\\\/\",\"name\":\"SmackThat - Escort Annoncelight\",\"isPartOf\":{\"@id\":\"https:\\\/\\\/escort-annoncelight.dk\\\/#website\"},\"primaryImageOfPage\":{\"@id\":\"https:\\\/\\\/escort-annoncelight.dk\\\/da\\\/eskortere\\\/smackthat\\\/#primaryimage\"},\"image\":{\"@id\":\"https:\\\/\\\/escort-annoncelight.dk\\\/da\\\/eskortere\\\/smackthat\\\/#primaryimage\"},\"thumbnailUrl\":\"https:\\\/\\\/escort-annoncelight.dk\\\/wp-content\\\/uploads\\\/2023\\\/08\\\/333385_1.jpg\",\"datePublished\":\"2024-02-25T08:15:30+00:00\",\"description\":\"SmackThat is a girl that is available in Denmark from Escort Annoncelight for you to contact. Contact SmackThat today. Escort Annoncelight\",\"breadcrumb\":{\"@id\":\"https:\\\/\\\/escort-annoncelight.dk\\\/da\\\/eskortere\\\/smackthat\\\/#breadcrumb\"},\"inLanguage\":\"da-DK\",\"potentialAction\":[{\"@type\":\"ReadAction\",\"target\":[\"https:\\\/\\\/escort-annoncelight.dk\\\/da\\\/eskortere\\\/smackthat\\\/\"]}]},{\"@type\":\"ImageObject\",\"inLanguage\":\"da-DK\",\"@id\":\"https:\\\/\\\/escort-annoncelight.dk\\\/da\\\/eskortere\\\/smackthat\\\/#primaryimage\",\"url\":\"https:\\\/\\\/escort-annoncelight.dk\\\/wp-content\\\/uploads\\\/2023\\\/08\\\/333385_1.jpg\",\"contentUrl\":\"https:\\\/\\\/escort-annoncelight.dk\\\/wp-content\\\/uploads\\\/2023\\\/08\\\/333385_1.jpg\",\"caption\":\"SmackThat\"},{\"@type\":\"BreadcrumbList\",\"@id\":\"https:\\\/\\\/escort-annoncelight.dk\\\/da\\\/eskortere\\\/smackthat\\\/#breadcrumb\",\"itemListElement\":[{\"@type\":\"ListItem\",\"position\":1,\"name\":\"Home\",\"item\":\"https:\\\/\\\/escort-annoncelight.dk\\\/\"},{\"@type\":\"ListItem\",\"position\":2,\"name\":\"Escort Annoncelight\",\"item\":\"https:\\\/\\\/escort-annoncelight.dk\\\/\"},{\"@type\":\"ListItem\",\"position\":3,\"name\":\"SmackThat\"}]},{\"@type\":\"WebSite\",\"@id\":\"https:\\\/\\\/escort-annoncelight.dk\\\/#website\",\"url\":\"https:\\\/\\\/escort-annoncelight.dk\\\/\",\"name\":\"Sextjejer\",\"description\":\"\",\"publisher\":{\"@id\":\"https:\\\/\\\/escort-annoncelight.dk\\\/#organization\"},\"alternateName\":\"Escorts\",\"potentialAction\":[{\"@type\":\"SearchAction\",\"target\":{\"@type\":\"EntryPoint\",\"urlTemplate\":\"https:\\\/\\\/escort-annoncelight.dk\\\/?s={search_term_string}\"},\"query-input\":{\"@type\":\"PropertyValueSpecification\",\"valueRequired\":true,\"valueName\":\"search_term_string\"}}],\"inLanguage\":\"da-DK\"},{\"@type\":\"Organization\",\"@id\":\"https:\\\/\\\/escort-annoncelight.dk\\\/#organization\",\"name\":\"Sextjejer\",\"url\":\"https:\\\/\\\/escort-annoncelight.dk\\\/\",\"logo\":{\"@type\":\"ImageObject\",\"inLanguage\":\"da-DK\",\"@id\":\"https:\\\/\\\/escort-annoncelight.dk\\\/#\\\/schema\\\/logo\\\/image\\\/\",\"url\":\"https:\\\/\\\/escort-annoncelight.dk\\\/wp-content\\\/uploads\\\/2023\\\/08\\\/cropped-Escort-annoncelight.dk_.jpg\",\"contentUrl\":\"https:\\\/\\\/escort-annoncelight.dk\\\/wp-content\\\/uploads\\\/2023\\\/08\\\/cropped-Escort-annoncelight.dk_.jpg\",\"width\":200,\"height\":67,\"caption\":\"Sextjejer\"},\"image\":{\"@id\":\"https:\\\/\\\/escort-annoncelight.dk\\\/#\\\/schema\\\/logo\\\/image\\\/\"}}]}<\/script>\n<!-- \/ Yoast SEO Premium plugin. -->","yoast_head_json":{"title":"SmackThat - Escort Annoncelight","description":"SmackThat is a girl that is available in Denmark from Escort Annoncelight for you to contact. Contact SmackThat today. Escort Annoncelight","robots":{"index":"index","follow":"follow","max-snippet":"max-snippet:-1","max-image-preview":"max-image-preview:large","max-video-preview":"max-video-preview:-1"},"canonical":"https:\/\/escort-annoncelight.dk\/da\/eskortere\/smackthat\/","og_locale":"da_DK","og_type":"article","og_title":"SmackThat","og_description":"SmackThat is a girl that is available in Denmark from Escort Annoncelight for you to contact. Contact SmackThat today. Escort Annoncelight","og_url":"https:\/\/escort-annoncelight.dk\/da\/eskortere\/smackthat\/","og_site_name":"Escort Annoncelight","og_image":[{"url":"https:\/\/escort-annoncelight.dk\/wp-content\/uploads\/2023\/08\/333385_1.jpg","width":1,"height":1,"type":"image\/jpeg"}],"twitter_card":"summary_large_image","schema":{"@context":"https:\/\/schema.org","@graph":[{"@type":"WebPage","@id":"https:\/\/escort-annoncelight.dk\/da\/eskortere\/smackthat\/","url":"https:\/\/escort-annoncelight.dk\/da\/eskortere\/smackthat\/","name":"SmackThat - Escort Annoncelight","isPartOf":{"@id":"https:\/\/escort-annoncelight.dk\/#website"},"primaryImageOfPage":{"@id":"https:\/\/escort-annoncelight.dk\/da\/eskortere\/smackthat\/#primaryimage"},"image":{"@id":"https:\/\/escort-annoncelight.dk\/da\/eskortere\/smackthat\/#primaryimage"},"thumbnailUrl":"https:\/\/escort-annoncelight.dk\/wp-content\/uploads\/2023\/08\/333385_1.jpg","datePublished":"2024-02-25T08:15:30+00:00","description":"SmackThat is a girl that is available in Denmark from Escort Annoncelight for you to contact. Contact SmackThat today. Escort Annoncelight","breadcrumb":{"@id":"https:\/\/escort-annoncelight.dk\/da\/eskortere\/smackthat\/#breadcrumb"},"inLanguage":"da-DK","potentialAction":[{"@type":"ReadAction","target":["https:\/\/escort-annoncelight.dk\/da\/eskortere\/smackthat\/"]}]},{"@type":"ImageObject","inLanguage":"da-DK","@id":"https:\/\/escort-annoncelight.dk\/da\/eskortere\/smackthat\/#primaryimage","url":"https:\/\/escort-annoncelight.dk\/wp-content\/uploads\/2023\/08\/333385_1.jpg","contentUrl":"https:\/\/escort-annoncelight.dk\/wp-content\/uploads\/2023\/08\/333385_1.jpg","caption":"SmackThat"},{"@type":"BreadcrumbList","@id":"https:\/\/escort-annoncelight.dk\/da\/eskortere\/smackthat\/#breadcrumb","itemListElement":[{"@type":"ListItem","position":1,"name":"Home","item":"https:\/\/escort-annoncelight.dk\/"},{"@type":"ListItem","position":2,"name":"Escort Annoncelight","item":"https:\/\/escort-annoncelight.dk\/"},{"@type":"ListItem","position":3,"name":"SmackThat"}]},{"@type":"WebSite","@id":"https:\/\/escort-annoncelight.dk\/#website","url":"https:\/\/escort-annoncelight.dk\/","name":"Sextjejer","description":"","publisher":{"@id":"https:\/\/escort-annoncelight.dk\/#organization"},"alternateName":"Escorts","potentialAction":[{"@type":"SearchAction","target":{"@type":"EntryPoint","urlTemplate":"https:\/\/escort-annoncelight.dk\/?s={search_term_string}"},"query-input":{"@type":"PropertyValueSpecification","valueRequired":true,"valueName":"search_term_string"}}],"inLanguage":"da-DK"},{"@type":"Organization","@id":"https:\/\/escort-annoncelight.dk\/#organization","name":"Sextjejer","url":"https:\/\/escort-annoncelight.dk\/","logo":{"@type":"ImageObject","inLanguage":"da-DK","@id":"https:\/\/escort-annoncelight.dk\/#\/schema\/logo\/image\/","url":"https:\/\/escort-annoncelight.dk\/wp-content\/uploads\/2023\/08\/cropped-Escort-annoncelight.dk_.jpg","contentUrl":"https:\/\/escort-annoncelight.dk\/wp-content\/uploads\/2023\/08\/cropped-Escort-annoncelight.dk_.jpg","width":200,"height":67,"caption":"Sextjejer"},"image":{"@id":"https:\/\/escort-annoncelight.dk\/#\/schema\/logo\/image\/"}}]}},"_links":{"self":[{"href":"https:\/\/escort-annoncelight.dk\/da\/wp-json\/wp\/v2\/product\/333385","targetHints":{"allow":["GET"]}}],"collection":[{"href":"https:\/\/escort-annoncelight.dk\/da\/wp-json\/wp\/v2\/product"}],"about":[{"href":"https:\/\/escort-annoncelight.dk\/da\/wp-json\/wp\/v2\/types\/product"}],"wp:featuredmedia":[{"embeddable":true,"href":"https:\/\/escort-annoncelight.dk\/da\/wp-json\/wp\/v2\/media\/12375191"}],"wp:attachment":[{"href":"https:\/\/escort-annoncelight.dk\/da\/wp-json\/wp\/v2\/media?parent=333385"}],"wp:term":[{"taxonomy":"product_brand","embeddable":true,"href":"https:\/\/escort-annoncelight.dk\/da\/wp-json\/wp\/v2\/product_brand?post=333385"},{"taxonomy":"product_cat","embeddable":true,"href":"https:\/\/escort-annoncelight.dk\/da\/wp-json\/wp\/v2\/product_cat?post=333385"},{"taxonomy":"product_tag","embeddable":true,"href":"https:\/\/escort-annoncelight.dk\/da\/wp-json\/wp\/v2\/product_tag?post=333385"}],"curies":[{"name":"wp","href":"https:\/\/api.w.org\/{rel}","templated":true}]}}