{"id":333330,"date":"2024-05-05T08:19:30","date_gmt":"2024-05-05T08:19:30","guid":{"rendered":"https:\/\/escort-annoncelight.dk\/?post_type=product&#038;p=333330"},"modified":"2024-05-05T08:19:30","modified_gmt":"2024-05-05T08:19:30","slug":"xxxsingel","status":"publish","type":"product","link":"https:\/\/escort-annoncelight.dk\/da\/escort\/xxxsingel\/","title":{"rendered":"XXXsingel"},"content":{"rendered":"<p>Hej med dig, jeg hedder Pernille, og jeg k\u00f8rer taxa, jeg det er rigtigt nok, haha. Kan godt lide at hygge mig med venner og familie og vil gerne snart have b\u00f8rn. Jeg elsker at k\u00f8re p\u00e5 motorcykel om sommeren, g\u00e5 i biffen, g\u00e5 lange ture, og s\u00e5 er jeg vild med lige dig, s\u00e5 skriv gerne, knus Pernille<\/p>","protected":false},"excerpt":{"rendered":"<p>Hej med dig, jeg hedder Pernille, og jeg k\u00f8rer taxa, jeg det er rigtigt nok, haha. Kan godt lide at hygge mig med venner og familie og vil gerne snart have b\u00f8rn. Jeg elsker at k\u00f8re p\u00e5 motorcykel om sommeren, g\u00e5 i biffen, g\u00e5 lange ture, og s\u00e5 er jeg vild med lige dig, s\u00e5 &hellip; <a href=\"https:\/\/escort-annoncelight.dk\/da\/escort\/xxxsingel\/\" class=\"more-link\">Continue reading <span class=\"screen-reader-text\">XXXsingel<\/span><\/a><\/p>","protected":false},"featured_media":12380872,"template":"","meta":[],"product_brand":[],"product_cat":[2877],"product_tag":[2542,2546,2557,2535,2545,2552,2550,2554,2537,2543,2549,2536,2548,2559,2540,2547,2541,2544,2553,2555,2539,2556,2558,2551,2538],"class_list":{"0":"post-333330","1":"product","2":"type-product","3":"status-publish","4":"has-post-thumbnail","6":"product_cat-valby-escorts","7":"product_tag-annoncelight","8":"product_tag-annoncelight-dk","9":"product_tag-cam-sex","10":"product_tag-eroguide","11":"product_tag-erotik","12":"product_tag-escort-odense","13":"product_tag-escort-og-massage","14":"product_tag-escort-pige","15":"product_tag-escort-side","16":"product_tag-escort5","17":"product_tag-escorte","18":"product_tag-escortguide","19":"product_tag-escortguide-dk","20":"product_tag-gratis-erotik","21":"product_tag-gratis-sex","22":"product_tag-gratisporno","23":"product_tag-massage-escort","24":"product_tag-massage-og-escort","25":"product_tag-sex-escort","26":"product_tag-sex-i-danmark","27":"product_tag-side6","28":"product_tag-sugardaters","29":"product_tag-swingergaarden","30":"product_tag-telefonsex","31":"product_tag-xklub","32":"pa_enjoys-escort-girls-who-like-anal","33":"pa_enjoys-escort-girls-who-like-blindfolding","34":"pa_enjoys-escort-girls-who-like-blowjob","35":"pa_enjoys-escort-girls-who-like-cybersex","36":"pa_enjoys-escort-girls-who-like-doggy-style","37":"pa_enjoys-escort-girls-who-like-experimental","38":"pa_enjoys-escort-girls-who-like-handcuffs","39":"pa_enjoys-escort-girls-who-like-kissing","40":"pa_enjoys-escort-girls-who-like-lingerie","41":"pa_enjoys-escort-girls-who-like-missionary","42":"pa_enjoys-escort-girls-who-like-no-condom","43":"pa_enjoys-escort-girls-who-like-nylon","44":"pa_enjoys-escort-girls-who-like-shaved","46":"first","47":"instock","48":"shipping-taxable","49":"product-type-external"},"yoast_head":"<!-- This site is optimized with the Yoast SEO Premium plugin v22.3 (Yoast SEO v27.3) - https:\/\/yoast.com\/product\/yoast-seo-premium-wordpress\/ -->\n<title>XXXsingel - Escort Annoncelight<\/title>\n<meta name=\"description\" content=\"XXXsingel is a girl that is available in Denmark from Escort Annoncelight for you to contact. Contact XXXsingel today. Escort Annoncelight\" \/>\n<meta name=\"robots\" content=\"index, follow, max-snippet:-1, max-image-preview:large, max-video-preview:-1\" \/>\n<link rel=\"canonical\" href=\"http:\/\/escort-annoncelight.dk\/da\/eskortere\/xxxsingel\/\" \/>\n<meta property=\"og:locale\" content=\"da_DK\" \/>\n<meta property=\"og:type\" content=\"article\" \/>\n<meta property=\"og:title\" content=\"XXXsingel\" \/>\n<meta property=\"og:description\" content=\"XXXsingel is a girl that is available in Denmark from Escort Annoncelight for you to contact. Contact XXXsingel today. Escort Annoncelight\" \/>\n<meta property=\"og:url\" content=\"http:\/\/escort-annoncelight.dk\/da\/eskortere\/xxxsingel\/\" \/>\n<meta property=\"og:site_name\" content=\"Escort Annoncelight\" \/>\n<meta property=\"og:image\" content=\"http:\/\/escort-annoncelight.dk\/wp-content\/uploads\/2023\/08\/333330_1.jpg\" \/>\n\t<meta property=\"og:image:width\" content=\"1\" \/>\n\t<meta property=\"og:image:height\" content=\"1\" \/>\n\t<meta property=\"og:image:type\" content=\"image\/jpeg\" \/>\n<meta name=\"twitter:card\" content=\"summary_large_image\" \/>\n<script type=\"application\/ld+json\" class=\"yoast-schema-graph\">{\"@context\":\"https:\\\/\\\/schema.org\",\"@graph\":[{\"@type\":\"WebPage\",\"@id\":\"http:\\\/\\\/escort-annoncelight.dk\\\/escort\\\/xxxsingel\\\/\",\"url\":\"http:\\\/\\\/escort-annoncelight.dk\\\/escort\\\/xxxsingel\\\/\",\"name\":\"XXXsingel - Escort Annoncelight\",\"isPartOf\":{\"@id\":\"https:\\\/\\\/escort-annoncelight.dk\\\/da\\\/#website\"},\"primaryImageOfPage\":{\"@id\":\"http:\\\/\\\/escort-annoncelight.dk\\\/escort\\\/xxxsingel\\\/#primaryimage\"},\"image\":{\"@id\":\"http:\\\/\\\/escort-annoncelight.dk\\\/escort\\\/xxxsingel\\\/#primaryimage\"},\"thumbnailUrl\":\"https:\\\/\\\/escort-annoncelight.dk\\\/wp-content\\\/uploads\\\/2023\\\/08\\\/333330_1.jpg\",\"datePublished\":\"2024-05-05T08:19:30+00:00\",\"description\":\"XXXsingel is a girl that is available in Denmark from Escort Annoncelight for you to contact. Contact XXXsingel today. Escort Annoncelight\",\"breadcrumb\":{\"@id\":\"http:\\\/\\\/escort-annoncelight.dk\\\/escort\\\/xxxsingel\\\/#breadcrumb\"},\"inLanguage\":\"da-DK\",\"potentialAction\":[{\"@type\":\"ReadAction\",\"target\":[\"http:\\\/\\\/escort-annoncelight.dk\\\/escort\\\/xxxsingel\\\/\"]}]},{\"@type\":\"ImageObject\",\"inLanguage\":\"da-DK\",\"@id\":\"http:\\\/\\\/escort-annoncelight.dk\\\/escort\\\/xxxsingel\\\/#primaryimage\",\"url\":\"https:\\\/\\\/escort-annoncelight.dk\\\/wp-content\\\/uploads\\\/2023\\\/08\\\/333330_1.jpg\",\"contentUrl\":\"https:\\\/\\\/escort-annoncelight.dk\\\/wp-content\\\/uploads\\\/2023\\\/08\\\/333330_1.jpg\",\"caption\":\"XXXsingel\"},{\"@type\":\"BreadcrumbList\",\"@id\":\"http:\\\/\\\/escort-annoncelight.dk\\\/escort\\\/xxxsingel\\\/#breadcrumb\",\"itemListElement\":[{\"@type\":\"ListItem\",\"position\":1,\"name\":\"Home\",\"item\":\"https:\\\/\\\/escort-annoncelight.dk\\\/da\\\/\"},{\"@type\":\"ListItem\",\"position\":2,\"name\":\"Escort Annoncelight\",\"item\":\"https:\\\/\\\/escort-annoncelight.dk\\\/da\\\/\"},{\"@type\":\"ListItem\",\"position\":3,\"name\":\"XXXsingel\"}]},{\"@type\":\"WebSite\",\"@id\":\"https:\\\/\\\/escort-annoncelight.dk\\\/da\\\/#website\",\"url\":\"https:\\\/\\\/escort-annoncelight.dk\\\/da\\\/\",\"name\":\"Sextjejer\",\"description\":\"\",\"publisher\":{\"@id\":\"https:\\\/\\\/escort-annoncelight.dk\\\/da\\\/#organization\"},\"alternateName\":\"Escorts\",\"potentialAction\":[{\"@type\":\"SearchAction\",\"target\":{\"@type\":\"EntryPoint\",\"urlTemplate\":\"https:\\\/\\\/escort-annoncelight.dk\\\/da\\\/?s={search_term_string}\"},\"query-input\":{\"@type\":\"PropertyValueSpecification\",\"valueRequired\":true,\"valueName\":\"search_term_string\"}}],\"inLanguage\":\"da-DK\"},{\"@type\":\"Organization\",\"@id\":\"https:\\\/\\\/escort-annoncelight.dk\\\/da\\\/#organization\",\"name\":\"Sextjejer\",\"url\":\"https:\\\/\\\/escort-annoncelight.dk\\\/da\\\/\",\"logo\":{\"@type\":\"ImageObject\",\"inLanguage\":\"da-DK\",\"@id\":\"https:\\\/\\\/escort-annoncelight.dk\\\/da\\\/#\\\/schema\\\/logo\\\/image\\\/\",\"url\":\"https:\\\/\\\/escort-annoncelight.dk\\\/wp-content\\\/uploads\\\/2023\\\/08\\\/cropped-Escort-annoncelight.dk_.jpg\",\"contentUrl\":\"https:\\\/\\\/escort-annoncelight.dk\\\/wp-content\\\/uploads\\\/2023\\\/08\\\/cropped-Escort-annoncelight.dk_.jpg\",\"width\":200,\"height\":67,\"caption\":\"Sextjejer\"},\"image\":{\"@id\":\"https:\\\/\\\/escort-annoncelight.dk\\\/da\\\/#\\\/schema\\\/logo\\\/image\\\/\"}}]}<\/script>\n<!-- \/ Yoast SEO Premium plugin. -->","yoast_head_json":{"title":"XXXsingel - Escort Annoncelight","description":"XXXsingel is a girl that is available in Denmark from Escort Annoncelight for you to contact. Contact XXXsingel today. Escort Annoncelight","robots":{"index":"index","follow":"follow","max-snippet":"max-snippet:-1","max-image-preview":"max-image-preview:large","max-video-preview":"max-video-preview:-1"},"canonical":"http:\/\/escort-annoncelight.dk\/da\/eskortere\/xxxsingel\/","og_locale":"da_DK","og_type":"article","og_title":"XXXsingel","og_description":"XXXsingel is a girl that is available in Denmark from Escort Annoncelight for you to contact. Contact XXXsingel today. Escort Annoncelight","og_url":"http:\/\/escort-annoncelight.dk\/da\/eskortere\/xxxsingel\/","og_site_name":"Escort Annoncelight","og_image":[{"url":"http:\/\/escort-annoncelight.dk\/wp-content\/uploads\/2023\/08\/333330_1.jpg","width":1,"height":1,"type":"image\/jpeg"}],"twitter_card":"summary_large_image","schema":{"@context":"https:\/\/schema.org","@graph":[{"@type":"WebPage","@id":"http:\/\/escort-annoncelight.dk\/escort\/xxxsingel\/","url":"http:\/\/escort-annoncelight.dk\/escort\/xxxsingel\/","name":"XXXsingel - Escort Annoncelight","isPartOf":{"@id":"https:\/\/escort-annoncelight.dk\/da\/#website"},"primaryImageOfPage":{"@id":"http:\/\/escort-annoncelight.dk\/escort\/xxxsingel\/#primaryimage"},"image":{"@id":"http:\/\/escort-annoncelight.dk\/escort\/xxxsingel\/#primaryimage"},"thumbnailUrl":"https:\/\/escort-annoncelight.dk\/wp-content\/uploads\/2023\/08\/333330_1.jpg","datePublished":"2024-05-05T08:19:30+00:00","description":"XXXsingel is a girl that is available in Denmark from Escort Annoncelight for you to contact. Contact XXXsingel today. Escort Annoncelight","breadcrumb":{"@id":"http:\/\/escort-annoncelight.dk\/escort\/xxxsingel\/#breadcrumb"},"inLanguage":"da-DK","potentialAction":[{"@type":"ReadAction","target":["http:\/\/escort-annoncelight.dk\/escort\/xxxsingel\/"]}]},{"@type":"ImageObject","inLanguage":"da-DK","@id":"http:\/\/escort-annoncelight.dk\/escort\/xxxsingel\/#primaryimage","url":"https:\/\/escort-annoncelight.dk\/wp-content\/uploads\/2023\/08\/333330_1.jpg","contentUrl":"https:\/\/escort-annoncelight.dk\/wp-content\/uploads\/2023\/08\/333330_1.jpg","caption":"XXXsingel"},{"@type":"BreadcrumbList","@id":"http:\/\/escort-annoncelight.dk\/escort\/xxxsingel\/#breadcrumb","itemListElement":[{"@type":"ListItem","position":1,"name":"Home","item":"https:\/\/escort-annoncelight.dk\/da\/"},{"@type":"ListItem","position":2,"name":"Escort Annoncelight","item":"https:\/\/escort-annoncelight.dk\/da\/"},{"@type":"ListItem","position":3,"name":"XXXsingel"}]},{"@type":"WebSite","@id":"https:\/\/escort-annoncelight.dk\/da\/#website","url":"https:\/\/escort-annoncelight.dk\/da\/","name":"Sextjejer","description":"","publisher":{"@id":"https:\/\/escort-annoncelight.dk\/da\/#organization"},"alternateName":"Escorts","potentialAction":[{"@type":"SearchAction","target":{"@type":"EntryPoint","urlTemplate":"https:\/\/escort-annoncelight.dk\/da\/?s={search_term_string}"},"query-input":{"@type":"PropertyValueSpecification","valueRequired":true,"valueName":"search_term_string"}}],"inLanguage":"da-DK"},{"@type":"Organization","@id":"https:\/\/escort-annoncelight.dk\/da\/#organization","name":"Sextjejer","url":"https:\/\/escort-annoncelight.dk\/da\/","logo":{"@type":"ImageObject","inLanguage":"da-DK","@id":"https:\/\/escort-annoncelight.dk\/da\/#\/schema\/logo\/image\/","url":"https:\/\/escort-annoncelight.dk\/wp-content\/uploads\/2023\/08\/cropped-Escort-annoncelight.dk_.jpg","contentUrl":"https:\/\/escort-annoncelight.dk\/wp-content\/uploads\/2023\/08\/cropped-Escort-annoncelight.dk_.jpg","width":200,"height":67,"caption":"Sextjejer"},"image":{"@id":"https:\/\/escort-annoncelight.dk\/da\/#\/schema\/logo\/image\/"}}]}},"_links":{"self":[{"href":"https:\/\/escort-annoncelight.dk\/da\/wp-json\/wp\/v2\/product\/333330","targetHints":{"allow":["GET"]}}],"collection":[{"href":"https:\/\/escort-annoncelight.dk\/da\/wp-json\/wp\/v2\/product"}],"about":[{"href":"https:\/\/escort-annoncelight.dk\/da\/wp-json\/wp\/v2\/types\/product"}],"wp:featuredmedia":[{"embeddable":true,"href":"https:\/\/escort-annoncelight.dk\/da\/wp-json\/wp\/v2\/media\/12380872"}],"wp:attachment":[{"href":"https:\/\/escort-annoncelight.dk\/da\/wp-json\/wp\/v2\/media?parent=333330"}],"wp:term":[{"taxonomy":"product_brand","embeddable":true,"href":"https:\/\/escort-annoncelight.dk\/da\/wp-json\/wp\/v2\/product_brand?post=333330"},{"taxonomy":"product_cat","embeddable":true,"href":"https:\/\/escort-annoncelight.dk\/da\/wp-json\/wp\/v2\/product_cat?post=333330"},{"taxonomy":"product_tag","embeddable":true,"href":"https:\/\/escort-annoncelight.dk\/da\/wp-json\/wp\/v2\/product_tag?post=333330"}],"curies":[{"name":"wp","href":"https:\/\/api.w.org\/{rel}","templated":true}]}}