{"id":333302,"date":"2022-06-08T08:45:00","date_gmt":"2022-06-08T08:45:00","guid":{"rendered":"https:\/\/escort-annoncelight.dk\/escort\/dirtymaid\/"},"modified":"2023-08-17T11:29:04","modified_gmt":"2023-08-17T11:29:04","slug":"dirtymaid","status":"publish","type":"product","link":"https:\/\/escort-annoncelight.dk\/da\/escort\/dirtymaid\/","title":{"rendered":"DirtyMaid"},"content":{"rendered":"<p>Har f\u00e5et nok af forhold og s\u00f8ger bare noget helt uforpligtende sex. Magter ikke skuffelsen n\u00e5r man finder ud af folk ikke er som man man regnede med efter et stk tid. Vil ikke afvise et fast partner forhold, men der skal ogs\u00e5 v\u00e6re f\u00e6lles interesser og lyster. Du ku jo pr\u00f8ve at skrive hvad du godt ku t\u00e6nke dig..<\/p>","protected":false},"excerpt":{"rendered":"<p>Har f\u00e5et nok af forhold og s\u00f8ger bare noget helt uforpligtende sex. Magter ikke skuffelsen n\u00e5r man finder ud af folk ikke er som man man regnede med efter et stk tid. Vil ikke afvise et fast partner forhold, men der skal ogs\u00e5 v\u00e6re f\u00e6lles interesser og lyster. Du ku jo pr\u00f8ve at skrive hvad &hellip; <a href=\"https:\/\/escort-annoncelight.dk\/da\/escort\/dirtymaid\/\" class=\"more-link\">Continue reading <span class=\"screen-reader-text\">DirtyMaid<\/span><\/a><\/p>","protected":false},"featured_media":12380806,"template":"","meta":[],"product_brand":[],"product_cat":[2863],"product_tag":[2542,2546,2557,2535,2545,2552,2550,2554,2537,2543,2549,2536,2548,2559,2540,2547,2541,2544,2553,2555,2539,2556,2558,2551,2538],"class_list":{"0":"post-333302","1":"product","2":"type-product","3":"status-publish","4":"has-post-thumbnail","6":"product_cat-stenlose","7":"product_tag-annoncelight","8":"product_tag-annoncelight-dk","9":"product_tag-cam-sex","10":"product_tag-eroguide","11":"product_tag-erotik","12":"product_tag-escort-odense","13":"product_tag-escort-og-massage","14":"product_tag-escort-pige","15":"product_tag-escort-side","16":"product_tag-escort5","17":"product_tag-escorte","18":"product_tag-escortguide","19":"product_tag-escortguide-dk","20":"product_tag-gratis-erotik","21":"product_tag-gratis-sex","22":"product_tag-gratisporno","23":"product_tag-massage-escort","24":"product_tag-massage-og-escort","25":"product_tag-sex-escort","26":"product_tag-sex-i-danmark","27":"product_tag-side6","28":"product_tag-sugardaters","29":"product_tag-swingergaarden","30":"product_tag-telefonsex","31":"product_tag-xklub","32":"pa_enjoys-escort-girls-who-like-blowjob","33":"pa_enjoys-escort-girls-who-like-deepthroat","34":"pa_enjoys-escort-girls-who-like-role-play","35":"pa_enjoys-escort-girls-who-like-shaved","36":"pa_enjoys-escort-girls-who-like-teasing","37":"pa_enjoys-escort-girls-who-like-uniform","39":"first","40":"instock","41":"shipping-taxable","42":"product-type-external"},"yoast_head":"<!-- This site is optimized with the Yoast SEO Premium plugin v22.3 (Yoast SEO v27.0) - https:\/\/yoast.com\/product\/yoast-seo-premium-wordpress\/ -->\n<title>DirtyMaid - Escort Annoncelight<\/title>\n<meta name=\"description\" content=\"DirtyMaid is a girl that is available in Denmark from Escort Annoncelight for you to contact. Contact DirtyMaid today. Escort Annoncelight\" \/>\n<meta name=\"robots\" content=\"index, follow, max-snippet:-1, max-image-preview:large, max-video-preview:-1\" \/>\n<link rel=\"canonical\" href=\"https:\/\/escort-annoncelight.dk\/da\/eskortere\/dirtymaid\/\" \/>\n<meta property=\"og:locale\" content=\"da_DK\" \/>\n<meta property=\"og:type\" content=\"article\" \/>\n<meta property=\"og:title\" content=\"DirtyMaid\" \/>\n<meta property=\"og:description\" content=\"DirtyMaid is a girl that is available in Denmark from Escort Annoncelight for you to contact. Contact DirtyMaid today. Escort Annoncelight\" \/>\n<meta property=\"og:url\" content=\"https:\/\/escort-annoncelight.dk\/da\/eskortere\/dirtymaid\/\" \/>\n<meta property=\"og:site_name\" content=\"Escort Annoncelight\" \/>\n<meta property=\"article:modified_time\" content=\"2023-08-17T11:29:04+00:00\" \/>\n<meta property=\"og:image\" content=\"https:\/\/escort-annoncelight.dk\/wp-content\/uploads\/2023\/08\/333302_1.jpg\" \/>\n\t<meta property=\"og:image:width\" content=\"1\" \/>\n\t<meta property=\"og:image:height\" content=\"1\" \/>\n\t<meta property=\"og:image:type\" content=\"image\/jpeg\" \/>\n<meta name=\"twitter:card\" content=\"summary_large_image\" \/>\n<script type=\"application\/ld+json\" class=\"yoast-schema-graph\">{\"@context\":\"https:\/\/schema.org\",\"@graph\":[{\"@type\":\"WebPage\",\"@id\":\"https:\/\/escort-annoncelight.dk\/da\/eskortere\/dirtymaid\/\",\"url\":\"https:\/\/escort-annoncelight.dk\/da\/eskortere\/dirtymaid\/\",\"name\":\"DirtyMaid - Escort Annoncelight\",\"isPartOf\":{\"@id\":\"https:\/\/escort-annoncelight.dk\/#website\"},\"primaryImageOfPage\":{\"@id\":\"https:\/\/escort-annoncelight.dk\/da\/eskortere\/dirtymaid\/#primaryimage\"},\"image\":{\"@id\":\"https:\/\/escort-annoncelight.dk\/da\/eskortere\/dirtymaid\/#primaryimage\"},\"thumbnailUrl\":\"https:\/\/escort-annoncelight.dk\/wp-content\/uploads\/2023\/08\/333302_1.jpg\",\"datePublished\":\"2022-06-08T08:45:00+00:00\",\"dateModified\":\"2023-08-17T11:29:04+00:00\",\"description\":\"DirtyMaid is a girl that is available in Denmark from Escort Annoncelight for you to contact. Contact DirtyMaid today. Escort Annoncelight\",\"breadcrumb\":{\"@id\":\"https:\/\/escort-annoncelight.dk\/da\/eskortere\/dirtymaid\/#breadcrumb\"},\"inLanguage\":\"da-DK\",\"potentialAction\":[{\"@type\":\"ReadAction\",\"target\":[\"https:\/\/escort-annoncelight.dk\/da\/eskortere\/dirtymaid\/\"]}]},{\"@type\":\"ImageObject\",\"inLanguage\":\"da-DK\",\"@id\":\"https:\/\/escort-annoncelight.dk\/da\/eskortere\/dirtymaid\/#primaryimage\",\"url\":\"https:\/\/escort-annoncelight.dk\/wp-content\/uploads\/2023\/08\/333302_1.jpg\",\"contentUrl\":\"https:\/\/escort-annoncelight.dk\/wp-content\/uploads\/2023\/08\/333302_1.jpg\",\"caption\":\"DirtyMaid\"},{\"@type\":\"BreadcrumbList\",\"@id\":\"https:\/\/escort-annoncelight.dk\/da\/eskortere\/dirtymaid\/#breadcrumb\",\"itemListElement\":[{\"@type\":\"ListItem\",\"position\":1,\"name\":\"Home\",\"item\":\"https:\/\/escort-annoncelight.dk\/\"},{\"@type\":\"ListItem\",\"position\":2,\"name\":\"Escort Annoncelight\",\"item\":\"https:\/\/escort-annoncelight.dk\/\"},{\"@type\":\"ListItem\",\"position\":3,\"name\":\"DirtyMaid\"}]},{\"@type\":\"WebSite\",\"@id\":\"https:\/\/escort-annoncelight.dk\/#website\",\"url\":\"https:\/\/escort-annoncelight.dk\/\",\"name\":\"Sextjejer\",\"description\":\"\",\"publisher\":{\"@id\":\"https:\/\/escort-annoncelight.dk\/#organization\"},\"alternateName\":\"Escorts\",\"potentialAction\":[{\"@type\":\"SearchAction\",\"target\":{\"@type\":\"EntryPoint\",\"urlTemplate\":\"https:\/\/escort-annoncelight.dk\/?s={search_term_string}\"},\"query-input\":{\"@type\":\"PropertyValueSpecification\",\"valueRequired\":true,\"valueName\":\"search_term_string\"}}],\"inLanguage\":\"da-DK\"},{\"@type\":\"Organization\",\"@id\":\"https:\/\/escort-annoncelight.dk\/#organization\",\"name\":\"Sextjejer\",\"url\":\"https:\/\/escort-annoncelight.dk\/\",\"logo\":{\"@type\":\"ImageObject\",\"inLanguage\":\"da-DK\",\"@id\":\"https:\/\/escort-annoncelight.dk\/#\/schema\/logo\/image\/\",\"url\":\"https:\/\/escort-annoncelight.dk\/wp-content\/uploads\/2023\/08\/cropped-Escort-annoncelight.dk_.jpg\",\"contentUrl\":\"https:\/\/escort-annoncelight.dk\/wp-content\/uploads\/2023\/08\/cropped-Escort-annoncelight.dk_.jpg\",\"width\":200,\"height\":67,\"caption\":\"Sextjejer\"},\"image\":{\"@id\":\"https:\/\/escort-annoncelight.dk\/#\/schema\/logo\/image\/\"}}]}<\/script>\n<!-- \/ Yoast SEO Premium plugin. -->","yoast_head_json":{"title":"DirtyMaid - Escort Annoncelight","description":"DirtyMaid is a girl that is available in Denmark from Escort Annoncelight for you to contact. Contact DirtyMaid today. Escort Annoncelight","robots":{"index":"index","follow":"follow","max-snippet":"max-snippet:-1","max-image-preview":"max-image-preview:large","max-video-preview":"max-video-preview:-1"},"canonical":"https:\/\/escort-annoncelight.dk\/da\/eskortere\/dirtymaid\/","og_locale":"da_DK","og_type":"article","og_title":"DirtyMaid","og_description":"DirtyMaid is a girl that is available in Denmark from Escort Annoncelight for you to contact. Contact DirtyMaid today. Escort Annoncelight","og_url":"https:\/\/escort-annoncelight.dk\/da\/eskortere\/dirtymaid\/","og_site_name":"Escort Annoncelight","article_modified_time":"2023-08-17T11:29:04+00:00","og_image":[{"url":"https:\/\/escort-annoncelight.dk\/wp-content\/uploads\/2023\/08\/333302_1.jpg","width":1,"height":1,"type":"image\/jpeg"}],"twitter_card":"summary_large_image","schema":{"@context":"https:\/\/schema.org","@graph":[{"@type":"WebPage","@id":"https:\/\/escort-annoncelight.dk\/da\/eskortere\/dirtymaid\/","url":"https:\/\/escort-annoncelight.dk\/da\/eskortere\/dirtymaid\/","name":"DirtyMaid - Escort Annoncelight","isPartOf":{"@id":"https:\/\/escort-annoncelight.dk\/#website"},"primaryImageOfPage":{"@id":"https:\/\/escort-annoncelight.dk\/da\/eskortere\/dirtymaid\/#primaryimage"},"image":{"@id":"https:\/\/escort-annoncelight.dk\/da\/eskortere\/dirtymaid\/#primaryimage"},"thumbnailUrl":"https:\/\/escort-annoncelight.dk\/wp-content\/uploads\/2023\/08\/333302_1.jpg","datePublished":"2022-06-08T08:45:00+00:00","dateModified":"2023-08-17T11:29:04+00:00","description":"DirtyMaid is a girl that is available in Denmark from Escort Annoncelight for you to contact. Contact DirtyMaid today. Escort Annoncelight","breadcrumb":{"@id":"https:\/\/escort-annoncelight.dk\/da\/eskortere\/dirtymaid\/#breadcrumb"},"inLanguage":"da-DK","potentialAction":[{"@type":"ReadAction","target":["https:\/\/escort-annoncelight.dk\/da\/eskortere\/dirtymaid\/"]}]},{"@type":"ImageObject","inLanguage":"da-DK","@id":"https:\/\/escort-annoncelight.dk\/da\/eskortere\/dirtymaid\/#primaryimage","url":"https:\/\/escort-annoncelight.dk\/wp-content\/uploads\/2023\/08\/333302_1.jpg","contentUrl":"https:\/\/escort-annoncelight.dk\/wp-content\/uploads\/2023\/08\/333302_1.jpg","caption":"DirtyMaid"},{"@type":"BreadcrumbList","@id":"https:\/\/escort-annoncelight.dk\/da\/eskortere\/dirtymaid\/#breadcrumb","itemListElement":[{"@type":"ListItem","position":1,"name":"Home","item":"https:\/\/escort-annoncelight.dk\/"},{"@type":"ListItem","position":2,"name":"Escort Annoncelight","item":"https:\/\/escort-annoncelight.dk\/"},{"@type":"ListItem","position":3,"name":"DirtyMaid"}]},{"@type":"WebSite","@id":"https:\/\/escort-annoncelight.dk\/#website","url":"https:\/\/escort-annoncelight.dk\/","name":"Sextjejer","description":"","publisher":{"@id":"https:\/\/escort-annoncelight.dk\/#organization"},"alternateName":"Escorts","potentialAction":[{"@type":"SearchAction","target":{"@type":"EntryPoint","urlTemplate":"https:\/\/escort-annoncelight.dk\/?s={search_term_string}"},"query-input":{"@type":"PropertyValueSpecification","valueRequired":true,"valueName":"search_term_string"}}],"inLanguage":"da-DK"},{"@type":"Organization","@id":"https:\/\/escort-annoncelight.dk\/#organization","name":"Sextjejer","url":"https:\/\/escort-annoncelight.dk\/","logo":{"@type":"ImageObject","inLanguage":"da-DK","@id":"https:\/\/escort-annoncelight.dk\/#\/schema\/logo\/image\/","url":"https:\/\/escort-annoncelight.dk\/wp-content\/uploads\/2023\/08\/cropped-Escort-annoncelight.dk_.jpg","contentUrl":"https:\/\/escort-annoncelight.dk\/wp-content\/uploads\/2023\/08\/cropped-Escort-annoncelight.dk_.jpg","width":200,"height":67,"caption":"Sextjejer"},"image":{"@id":"https:\/\/escort-annoncelight.dk\/#\/schema\/logo\/image\/"}}]}},"_links":{"self":[{"href":"https:\/\/escort-annoncelight.dk\/da\/wp-json\/wp\/v2\/product\/333302","targetHints":{"allow":["GET"]}}],"collection":[{"href":"https:\/\/escort-annoncelight.dk\/da\/wp-json\/wp\/v2\/product"}],"about":[{"href":"https:\/\/escort-annoncelight.dk\/da\/wp-json\/wp\/v2\/types\/product"}],"wp:featuredmedia":[{"embeddable":true,"href":"https:\/\/escort-annoncelight.dk\/da\/wp-json\/wp\/v2\/media\/12380806"}],"wp:attachment":[{"href":"https:\/\/escort-annoncelight.dk\/da\/wp-json\/wp\/v2\/media?parent=333302"}],"wp:term":[{"taxonomy":"product_brand","embeddable":true,"href":"https:\/\/escort-annoncelight.dk\/da\/wp-json\/wp\/v2\/product_brand?post=333302"},{"taxonomy":"product_cat","embeddable":true,"href":"https:\/\/escort-annoncelight.dk\/da\/wp-json\/wp\/v2\/product_cat?post=333302"},{"taxonomy":"product_tag","embeddable":true,"href":"https:\/\/escort-annoncelight.dk\/da\/wp-json\/wp\/v2\/product_tag?post=333302"}],"curies":[{"name":"wp","href":"https:\/\/api.w.org\/{rel}","templated":true}]}}