{"id":333280,"date":"2024-01-19T08:16:08","date_gmt":"2024-01-19T08:16:08","guid":{"rendered":"https:\/\/escort-annoncelight.dk\/?post_type=product&#038;p=333280"},"modified":"2024-01-19T08:16:08","modified_gmt":"2024-01-19T08:16:08","slug":"xiniz","status":"publish","type":"product","link":"https:\/\/escort-annoncelight.dk\/da\/escort\/xiniz\/","title":{"rendered":"Xiniz"},"content":{"rendered":"<p>Hej og velkommen til dig og tak for din interesse ! Charlotte hedder jeg og jeg bor p\u00e5 Amager. Jeg har to b\u00f8rn som jeg selvf\u00f8lgelig elsker over alt p\u00e5 jorden ! Elsker at bage, m\u00e6rkeligt, ikke ? Har god humor og elsker at grine, h\u00e5ber vi ses !<\/p>","protected":false},"excerpt":{"rendered":"<p>Hej og velkommen til dig og tak for din interesse ! Charlotte hedder jeg og jeg bor p\u00e5 Amager. Jeg har to b\u00f8rn som jeg selvf\u00f8lgelig elsker over alt p\u00e5 jorden ! Elsker at bage, m\u00e6rkeligt, ikke ? Har god humor og elsker at grine, h\u00e5ber vi ses !<\/p>","protected":false},"featured_media":12377921,"template":"","meta":[],"product_brand":[],"product_cat":[2764],"product_tag":[2542,2546,2557,2535,2545,2552,2550,2554,2537,2543,2549,2536,2548,2559,2540,2547,2541,2544,2553,2555,2539,2556,2558,2551,2538],"class_list":{"0":"post-333280","1":"product","2":"type-product","3":"status-publish","4":"has-post-thumbnail","6":"product_cat-copenhagen-escorts","7":"product_tag-annoncelight","8":"product_tag-annoncelight-dk","9":"product_tag-cam-sex","10":"product_tag-eroguide","11":"product_tag-erotik","12":"product_tag-escort-odense","13":"product_tag-escort-og-massage","14":"product_tag-escort-pige","15":"product_tag-escort-side","16":"product_tag-escort5","17":"product_tag-escorte","18":"product_tag-escortguide","19":"product_tag-escortguide-dk","20":"product_tag-gratis-erotik","21":"product_tag-gratis-sex","22":"product_tag-gratisporno","23":"product_tag-massage-escort","24":"product_tag-massage-og-escort","25":"product_tag-sex-escort","26":"product_tag-sex-i-danmark","27":"product_tag-side6","28":"product_tag-sugardaters","29":"product_tag-swingergaarden","30":"product_tag-telefonsex","31":"product_tag-xklub","32":"pa_enjoys-escort-girls-who-enjoy-swallow","33":"pa_enjoys-escort-girls-who-like-anal","34":"pa_enjoys-escort-girls-who-like-big-dick","35":"pa_enjoys-escort-girls-who-like-blowjob","36":"pa_enjoys-escort-girls-who-like-cowgirl","37":"pa_enjoys-escort-girls-who-like-cybersex","38":"pa_enjoys-escort-girls-who-like-deepthroat","39":"pa_enjoys-escort-girls-who-like-dildo","40":"pa_enjoys-escort-girls-who-like-doggy-style","41":"pa_enjoys-escort-girls-who-like-lingerie","42":"pa_enjoys-escort-girls-who-like-long-foreplay","43":"pa_enjoys-escort-girls-who-like-massage","44":"pa_enjoys-escort-girls-who-like-masturbation","45":"pa_enjoys-escort-girls-who-like-missionary","46":"pa_enjoys-escort-girls-who-like-nylon","47":"pa_enjoys-escort-girls-who-like-oral-sex","48":"pa_enjoys-escort-girls-who-like-reverse-cowgirl","49":"pa_enjoys-escort-girls-who-like-romantic","50":"pa_enjoys-escort-girls-who-like-straight-sex","51":"pa_places-amager","52":"pa_places-carlsberg-byen","53":"pa_places-refshaleoen","54":"pa_places-kobenhavn-k","55":"pa_places-nordhavn","56":"pa_places-copenhagen-airport","57":"pa_places-valby","58":"pa_places-copenhagen-city","59":"pa_places-islands-brygge","60":"pa_places-freetown-christiania","61":"pa_places-orestad","62":"pa_places-norrebro","63":"pa_places-amager-east","64":"pa_places-nyhavn","65":"pa_places-nordvest","66":"pa_places-indre-by","67":"pa_places-bispebjerg","68":"pa_places-superkilen","69":"pa_places-vanlose","70":"pa_places-frederiksberg-park","71":"pa_places-sydhavnen","73":"first","74":"instock","75":"shipping-taxable","76":"product-type-external"},"yoast_head":"<!-- This site is optimized with the Yoast SEO Premium plugin v22.3 (Yoast SEO v27.0) - https:\/\/yoast.com\/product\/yoast-seo-premium-wordpress\/ -->\n<title>Xiniz - Escort Annoncelight<\/title>\n<meta name=\"description\" content=\"Xiniz is a girl that is available in Denmark from Escort Annoncelight for you to contact. Contact Xiniz today. Escort Annoncelight\" \/>\n<meta name=\"robots\" content=\"index, follow, max-snippet:-1, max-image-preview:large, max-video-preview:-1\" \/>\n<link rel=\"canonical\" href=\"http:\/\/escort-annoncelight.dk\/da\/eskortere\/xiniz\/\" \/>\n<meta property=\"og:locale\" content=\"da_DK\" \/>\n<meta property=\"og:type\" content=\"article\" \/>\n<meta property=\"og:title\" content=\"Xiniz\" \/>\n<meta property=\"og:description\" content=\"Xiniz is a girl that is available in Denmark from Escort Annoncelight for you to contact. Contact Xiniz today. Escort Annoncelight\" \/>\n<meta property=\"og:url\" content=\"http:\/\/escort-annoncelight.dk\/da\/eskortere\/xiniz\/\" \/>\n<meta property=\"og:site_name\" content=\"Escort Annoncelight\" \/>\n<meta property=\"og:image\" content=\"http:\/\/escort-annoncelight.dk\/wp-content\/uploads\/2023\/08\/333280_1.jpg\" \/>\n\t<meta property=\"og:image:width\" content=\"1\" \/>\n\t<meta property=\"og:image:height\" content=\"1\" \/>\n\t<meta property=\"og:image:type\" content=\"image\/jpeg\" \/>\n<meta name=\"twitter:card\" content=\"summary_large_image\" \/>\n<script type=\"application\/ld+json\" class=\"yoast-schema-graph\">{\"@context\":\"https:\/\/schema.org\",\"@graph\":[{\"@type\":\"WebPage\",\"@id\":\"http:\/\/escort-annoncelight.dk\/escort\/xiniz\/\",\"url\":\"http:\/\/escort-annoncelight.dk\/escort\/xiniz\/\",\"name\":\"Xiniz - Escort Annoncelight\",\"isPartOf\":{\"@id\":\"http:\/\/escort-annoncelight.dk\/da\/#website\"},\"primaryImageOfPage\":{\"@id\":\"http:\/\/escort-annoncelight.dk\/escort\/xiniz\/#primaryimage\"},\"image\":{\"@id\":\"http:\/\/escort-annoncelight.dk\/escort\/xiniz\/#primaryimage\"},\"thumbnailUrl\":\"https:\/\/escort-annoncelight.dk\/wp-content\/uploads\/2023\/08\/333280_1.jpg\",\"datePublished\":\"2024-01-19T08:16:08+00:00\",\"description\":\"Xiniz is a girl that is available in Denmark from Escort Annoncelight for you to contact. Contact Xiniz today. Escort Annoncelight\",\"breadcrumb\":{\"@id\":\"http:\/\/escort-annoncelight.dk\/escort\/xiniz\/#breadcrumb\"},\"inLanguage\":\"da-DK\",\"potentialAction\":[{\"@type\":\"ReadAction\",\"target\":[\"http:\/\/escort-annoncelight.dk\/escort\/xiniz\/\"]}]},{\"@type\":\"ImageObject\",\"inLanguage\":\"da-DK\",\"@id\":\"http:\/\/escort-annoncelight.dk\/escort\/xiniz\/#primaryimage\",\"url\":\"https:\/\/escort-annoncelight.dk\/wp-content\/uploads\/2023\/08\/333280_1.jpg\",\"contentUrl\":\"https:\/\/escort-annoncelight.dk\/wp-content\/uploads\/2023\/08\/333280_1.jpg\",\"caption\":\"Xiniz\"},{\"@type\":\"BreadcrumbList\",\"@id\":\"http:\/\/escort-annoncelight.dk\/escort\/xiniz\/#breadcrumb\",\"itemListElement\":[{\"@type\":\"ListItem\",\"position\":1,\"name\":\"Home\",\"item\":\"http:\/\/escort-annoncelight.dk\/da\/\"},{\"@type\":\"ListItem\",\"position\":2,\"name\":\"Escort Annoncelight\",\"item\":\"http:\/\/escort-annoncelight.dk\/da\/\"},{\"@type\":\"ListItem\",\"position\":3,\"name\":\"Xiniz\"}]},{\"@type\":\"WebSite\",\"@id\":\"http:\/\/escort-annoncelight.dk\/da\/#website\",\"url\":\"http:\/\/escort-annoncelight.dk\/da\/\",\"name\":\"Sextjejer\",\"description\":\"\",\"publisher\":{\"@id\":\"http:\/\/escort-annoncelight.dk\/da\/#organization\"},\"alternateName\":\"Escorts\",\"potentialAction\":[{\"@type\":\"SearchAction\",\"target\":{\"@type\":\"EntryPoint\",\"urlTemplate\":\"http:\/\/escort-annoncelight.dk\/da\/?s={search_term_string}\"},\"query-input\":{\"@type\":\"PropertyValueSpecification\",\"valueRequired\":true,\"valueName\":\"search_term_string\"}}],\"inLanguage\":\"da-DK\"},{\"@type\":\"Organization\",\"@id\":\"http:\/\/escort-annoncelight.dk\/da\/#organization\",\"name\":\"Sextjejer\",\"url\":\"http:\/\/escort-annoncelight.dk\/da\/\",\"logo\":{\"@type\":\"ImageObject\",\"inLanguage\":\"da-DK\",\"@id\":\"http:\/\/escort-annoncelight.dk\/da\/#\/schema\/logo\/image\/\",\"url\":\"https:\/\/escort-annoncelight.dk\/wp-content\/uploads\/2023\/08\/cropped-Escort-annoncelight.dk_.jpg\",\"contentUrl\":\"https:\/\/escort-annoncelight.dk\/wp-content\/uploads\/2023\/08\/cropped-Escort-annoncelight.dk_.jpg\",\"width\":200,\"height\":67,\"caption\":\"Sextjejer\"},\"image\":{\"@id\":\"http:\/\/escort-annoncelight.dk\/da\/#\/schema\/logo\/image\/\"}}]}<\/script>\n<!-- \/ Yoast SEO Premium plugin. -->","yoast_head_json":{"title":"Xiniz - Escort Annoncelight","description":"Xiniz is a girl that is available in Denmark from Escort Annoncelight for you to contact. Contact Xiniz today. Escort Annoncelight","robots":{"index":"index","follow":"follow","max-snippet":"max-snippet:-1","max-image-preview":"max-image-preview:large","max-video-preview":"max-video-preview:-1"},"canonical":"http:\/\/escort-annoncelight.dk\/da\/eskortere\/xiniz\/","og_locale":"da_DK","og_type":"article","og_title":"Xiniz","og_description":"Xiniz is a girl that is available in Denmark from Escort Annoncelight for you to contact. Contact Xiniz today. Escort Annoncelight","og_url":"http:\/\/escort-annoncelight.dk\/da\/eskortere\/xiniz\/","og_site_name":"Escort Annoncelight","og_image":[{"url":"http:\/\/escort-annoncelight.dk\/wp-content\/uploads\/2023\/08\/333280_1.jpg","width":1,"height":1,"type":"image\/jpeg"}],"twitter_card":"summary_large_image","schema":{"@context":"https:\/\/schema.org","@graph":[{"@type":"WebPage","@id":"http:\/\/escort-annoncelight.dk\/escort\/xiniz\/","url":"http:\/\/escort-annoncelight.dk\/escort\/xiniz\/","name":"Xiniz - Escort Annoncelight","isPartOf":{"@id":"http:\/\/escort-annoncelight.dk\/da\/#website"},"primaryImageOfPage":{"@id":"http:\/\/escort-annoncelight.dk\/escort\/xiniz\/#primaryimage"},"image":{"@id":"http:\/\/escort-annoncelight.dk\/escort\/xiniz\/#primaryimage"},"thumbnailUrl":"https:\/\/escort-annoncelight.dk\/wp-content\/uploads\/2023\/08\/333280_1.jpg","datePublished":"2024-01-19T08:16:08+00:00","description":"Xiniz is a girl that is available in Denmark from Escort Annoncelight for you to contact. Contact Xiniz today. Escort Annoncelight","breadcrumb":{"@id":"http:\/\/escort-annoncelight.dk\/escort\/xiniz\/#breadcrumb"},"inLanguage":"da-DK","potentialAction":[{"@type":"ReadAction","target":["http:\/\/escort-annoncelight.dk\/escort\/xiniz\/"]}]},{"@type":"ImageObject","inLanguage":"da-DK","@id":"http:\/\/escort-annoncelight.dk\/escort\/xiniz\/#primaryimage","url":"https:\/\/escort-annoncelight.dk\/wp-content\/uploads\/2023\/08\/333280_1.jpg","contentUrl":"https:\/\/escort-annoncelight.dk\/wp-content\/uploads\/2023\/08\/333280_1.jpg","caption":"Xiniz"},{"@type":"BreadcrumbList","@id":"http:\/\/escort-annoncelight.dk\/escort\/xiniz\/#breadcrumb","itemListElement":[{"@type":"ListItem","position":1,"name":"Home","item":"http:\/\/escort-annoncelight.dk\/da\/"},{"@type":"ListItem","position":2,"name":"Escort Annoncelight","item":"http:\/\/escort-annoncelight.dk\/da\/"},{"@type":"ListItem","position":3,"name":"Xiniz"}]},{"@type":"WebSite","@id":"http:\/\/escort-annoncelight.dk\/da\/#website","url":"http:\/\/escort-annoncelight.dk\/da\/","name":"Sextjejer","description":"","publisher":{"@id":"http:\/\/escort-annoncelight.dk\/da\/#organization"},"alternateName":"Escorts","potentialAction":[{"@type":"SearchAction","target":{"@type":"EntryPoint","urlTemplate":"http:\/\/escort-annoncelight.dk\/da\/?s={search_term_string}"},"query-input":{"@type":"PropertyValueSpecification","valueRequired":true,"valueName":"search_term_string"}}],"inLanguage":"da-DK"},{"@type":"Organization","@id":"http:\/\/escort-annoncelight.dk\/da\/#organization","name":"Sextjejer","url":"http:\/\/escort-annoncelight.dk\/da\/","logo":{"@type":"ImageObject","inLanguage":"da-DK","@id":"http:\/\/escort-annoncelight.dk\/da\/#\/schema\/logo\/image\/","url":"https:\/\/escort-annoncelight.dk\/wp-content\/uploads\/2023\/08\/cropped-Escort-annoncelight.dk_.jpg","contentUrl":"https:\/\/escort-annoncelight.dk\/wp-content\/uploads\/2023\/08\/cropped-Escort-annoncelight.dk_.jpg","width":200,"height":67,"caption":"Sextjejer"},"image":{"@id":"http:\/\/escort-annoncelight.dk\/da\/#\/schema\/logo\/image\/"}}]}},"_links":{"self":[{"href":"https:\/\/escort-annoncelight.dk\/da\/wp-json\/wp\/v2\/product\/333280","targetHints":{"allow":["GET"]}}],"collection":[{"href":"https:\/\/escort-annoncelight.dk\/da\/wp-json\/wp\/v2\/product"}],"about":[{"href":"https:\/\/escort-annoncelight.dk\/da\/wp-json\/wp\/v2\/types\/product"}],"wp:featuredmedia":[{"embeddable":true,"href":"https:\/\/escort-annoncelight.dk\/da\/wp-json\/wp\/v2\/media\/12377921"}],"wp:attachment":[{"href":"https:\/\/escort-annoncelight.dk\/da\/wp-json\/wp\/v2\/media?parent=333280"}],"wp:term":[{"taxonomy":"product_brand","embeddable":true,"href":"https:\/\/escort-annoncelight.dk\/da\/wp-json\/wp\/v2\/product_brand?post=333280"},{"taxonomy":"product_cat","embeddable":true,"href":"https:\/\/escort-annoncelight.dk\/da\/wp-json\/wp\/v2\/product_cat?post=333280"},{"taxonomy":"product_tag","embeddable":true,"href":"https:\/\/escort-annoncelight.dk\/da\/wp-json\/wp\/v2\/product_tag?post=333280"}],"curies":[{"name":"wp","href":"https:\/\/api.w.org\/{rel}","templated":true}]}}