{"id":333172,"date":"2024-08-15T08:15:16","date_gmt":"2024-08-15T08:15:16","guid":{"rendered":"https:\/\/escort-annoncelight.dk\/?post_type=product&#038;p=333172"},"modified":"2024-08-15T08:15:16","modified_gmt":"2024-08-15T08:15:16","slug":"pikfix6x","status":"publish","type":"product","link":"https:\/\/escort-annoncelight.dk\/da\/escort\/pikfix6x\/","title":{"rendered":"Pikfix6x"},"content":{"rendered":"<p>Bor sammen med min pige k\u00e6reste og mangler et pikfix engang imellem til alle mine huller er du med p\u00e5 det hele mobil, diskret, renlig og med p\u00e5 nogle fede lege stunder s\u00e5 er det her K\u00e6rlige klem A6x<\/p>","protected":false},"excerpt":{"rendered":"<p>Bor sammen med min pige k\u00e6reste og mangler et pikfix engang imellem til alle mine huller er du med p\u00e5 det hele mobil, diskret, renlig og med p\u00e5 nogle fede lege stunder s\u00e5 er det her K\u00e6rlige klem A6x<\/p>","protected":false},"featured_media":12377261,"template":"","meta":[],"product_brand":[],"product_cat":[2764],"product_tag":[2542,2546,2557,2535,2545,2552,2550,2554,2537,2543,2549,2536,2548,2559,2540,2547,2541,2544,2553,2555,2539,2556,2558,2551,2538],"class_list":{"0":"post-333172","1":"product","2":"type-product","3":"status-publish","4":"has-post-thumbnail","6":"product_cat-copenhagen-escorts","7":"product_tag-annoncelight","8":"product_tag-annoncelight-dk","9":"product_tag-cam-sex","10":"product_tag-eroguide","11":"product_tag-erotik","12":"product_tag-escort-odense","13":"product_tag-escort-og-massage","14":"product_tag-escort-pige","15":"product_tag-escort-side","16":"product_tag-escort5","17":"product_tag-escorte","18":"product_tag-escortguide","19":"product_tag-escortguide-dk","20":"product_tag-gratis-erotik","21":"product_tag-gratis-sex","22":"product_tag-gratisporno","23":"product_tag-massage-escort","24":"product_tag-massage-og-escort","25":"product_tag-sex-escort","26":"product_tag-sex-i-danmark","27":"product_tag-side6","28":"product_tag-sugardaters","29":"product_tag-swingergaarden","30":"product_tag-telefonsex","31":"product_tag-xklub","32":"pa_enjoys-escort-girls-who-enjoy-swallow","33":"pa_enjoys-escort-girls-who-like-69","34":"pa_enjoys-escort-girls-who-like-anal","35":"pa_enjoys-escort-girls-who-like-bisexual","36":"pa_enjoys-escort-girls-who-like-blindfolding","37":"pa_enjoys-escort-girls-who-like-blowjob","38":"pa_enjoys-escort-girls-who-like-bondage","39":"pa_enjoys-escort-girls-who-like-butt-plug","40":"pa_enjoys-escort-girls-who-like-cowgirl","41":"pa_enjoys-escort-girls-who-like-cybersex","42":"pa_enjoys-escort-girls-who-like-dildo","43":"pa_enjoys-escort-girls-who-like-doggy-style","44":"pa_enjoys-escort-girls-who-like-experimental","45":"pa_enjoys-escort-girls-who-like-missionary","46":"pa_enjoys-escort-girls-who-like-oral-sex","47":"pa_enjoys-escort-girls-who-like-reverse-cowgirl","48":"pa_enjoys-escort-girls-who-like-rimming","49":"pa_enjoys-escort-girls-who-like-sex-toys","50":"pa_enjoys-escort-girls-who-like-teasing","51":"pa_enjoys-escort-girls-who-like-to-dominate","52":"pa_places-nordvest","53":"pa_places-indre-by","54":"pa_places-bispebjerg","55":"pa_places-superkilen","56":"pa_places-vanlose","57":"pa_places-frederiksberg-park","58":"pa_places-sydhavnen","59":"pa_places-amager","60":"pa_places-carlsberg-byen","61":"pa_places-refshaleoen","62":"pa_places-kobenhavn-k","63":"pa_places-nordhavn","64":"pa_places-copenhagen-airport","65":"pa_places-valby","66":"pa_places-copenhagen-city","67":"pa_places-islands-brygge","68":"pa_places-freetown-christiania","69":"pa_places-orestad","70":"pa_places-norrebro","71":"pa_places-amager-east","72":"pa_places-nyhavn","74":"first","75":"instock","76":"shipping-taxable","77":"product-type-external"},"yoast_head":"<!-- This site is optimized with the Yoast SEO Premium plugin v22.3 (Yoast SEO v27.3) - https:\/\/yoast.com\/product\/yoast-seo-premium-wordpress\/ -->\n<title>Pikfix6x - Escort Annoncelight<\/title>\n<meta name=\"description\" content=\"Pikfix6x is a girl that is available in Denmark from Escort Annoncelight for you to contact. Contact Pikfix6x today. Escort Annoncelight\" \/>\n<meta name=\"robots\" content=\"index, follow, max-snippet:-1, max-image-preview:large, max-video-preview:-1\" \/>\n<link rel=\"canonical\" href=\"https:\/\/escort-annoncelight.dk\/da\/eskortere\/pikfix6x\/\" \/>\n<meta property=\"og:locale\" content=\"da_DK\" \/>\n<meta property=\"og:type\" content=\"article\" \/>\n<meta property=\"og:title\" content=\"Pikfix6x\" \/>\n<meta property=\"og:description\" content=\"Pikfix6x is a girl that is available in Denmark from Escort Annoncelight for you to contact. Contact Pikfix6x today. Escort Annoncelight\" \/>\n<meta property=\"og:url\" content=\"https:\/\/escort-annoncelight.dk\/da\/eskortere\/pikfix6x\/\" \/>\n<meta property=\"og:site_name\" content=\"Escort Annoncelight\" \/>\n<meta property=\"og:image\" content=\"https:\/\/escort-annoncelight.dk\/wp-content\/uploads\/2023\/08\/333172_1.jpg\" \/>\n\t<meta property=\"og:image:width\" content=\"1\" \/>\n\t<meta property=\"og:image:height\" content=\"1\" \/>\n\t<meta property=\"og:image:type\" content=\"image\/jpeg\" \/>\n<meta name=\"twitter:card\" content=\"summary_large_image\" \/>\n<script type=\"application\/ld+json\" class=\"yoast-schema-graph\">{\"@context\":\"https:\\\/\\\/schema.org\",\"@graph\":[{\"@type\":\"WebPage\",\"@id\":\"https:\\\/\\\/escort-annoncelight.dk\\\/escort\\\/pikfix6x\\\/\",\"url\":\"https:\\\/\\\/escort-annoncelight.dk\\\/escort\\\/pikfix6x\\\/\",\"name\":\"Pikfix6x - Escort Annoncelight\",\"isPartOf\":{\"@id\":\"https:\\\/\\\/escort-annoncelight.dk\\\/#website\"},\"primaryImageOfPage\":{\"@id\":\"https:\\\/\\\/escort-annoncelight.dk\\\/escort\\\/pikfix6x\\\/#primaryimage\"},\"image\":{\"@id\":\"https:\\\/\\\/escort-annoncelight.dk\\\/escort\\\/pikfix6x\\\/#primaryimage\"},\"thumbnailUrl\":\"https:\\\/\\\/escort-annoncelight.dk\\\/wp-content\\\/uploads\\\/2023\\\/08\\\/333172_1.jpg\",\"datePublished\":\"2024-08-15T08:15:16+00:00\",\"description\":\"Pikfix6x is a girl that is available in Denmark from Escort Annoncelight for you to contact. Contact Pikfix6x today. Escort Annoncelight\",\"breadcrumb\":{\"@id\":\"https:\\\/\\\/escort-annoncelight.dk\\\/escort\\\/pikfix6x\\\/#breadcrumb\"},\"inLanguage\":\"da-DK\",\"potentialAction\":[{\"@type\":\"ReadAction\",\"target\":[\"https:\\\/\\\/escort-annoncelight.dk\\\/escort\\\/pikfix6x\\\/\"]}]},{\"@type\":\"ImageObject\",\"inLanguage\":\"da-DK\",\"@id\":\"https:\\\/\\\/escort-annoncelight.dk\\\/escort\\\/pikfix6x\\\/#primaryimage\",\"url\":\"https:\\\/\\\/escort-annoncelight.dk\\\/wp-content\\\/uploads\\\/2023\\\/08\\\/333172_1.jpg\",\"contentUrl\":\"https:\\\/\\\/escort-annoncelight.dk\\\/wp-content\\\/uploads\\\/2023\\\/08\\\/333172_1.jpg\",\"caption\":\"Pikfix6x\"},{\"@type\":\"BreadcrumbList\",\"@id\":\"https:\\\/\\\/escort-annoncelight.dk\\\/escort\\\/pikfix6x\\\/#breadcrumb\",\"itemListElement\":[{\"@type\":\"ListItem\",\"position\":1,\"name\":\"Home\",\"item\":\"https:\\\/\\\/escort-annoncelight.dk\\\/\"},{\"@type\":\"ListItem\",\"position\":2,\"name\":\"Escort Annoncelight\",\"item\":\"https:\\\/\\\/escort-annoncelight.dk\\\/\"},{\"@type\":\"ListItem\",\"position\":3,\"name\":\"Pikfix6x\"}]},{\"@type\":\"WebSite\",\"@id\":\"https:\\\/\\\/escort-annoncelight.dk\\\/#website\",\"url\":\"https:\\\/\\\/escort-annoncelight.dk\\\/\",\"name\":\"Sextjejer\",\"description\":\"\",\"publisher\":{\"@id\":\"https:\\\/\\\/escort-annoncelight.dk\\\/#organization\"},\"alternateName\":\"Escorts\",\"potentialAction\":[{\"@type\":\"SearchAction\",\"target\":{\"@type\":\"EntryPoint\",\"urlTemplate\":\"https:\\\/\\\/escort-annoncelight.dk\\\/?s={search_term_string}\"},\"query-input\":{\"@type\":\"PropertyValueSpecification\",\"valueRequired\":true,\"valueName\":\"search_term_string\"}}],\"inLanguage\":\"da-DK\"},{\"@type\":\"Organization\",\"@id\":\"https:\\\/\\\/escort-annoncelight.dk\\\/#organization\",\"name\":\"Sextjejer\",\"url\":\"https:\\\/\\\/escort-annoncelight.dk\\\/\",\"logo\":{\"@type\":\"ImageObject\",\"inLanguage\":\"da-DK\",\"@id\":\"https:\\\/\\\/escort-annoncelight.dk\\\/#\\\/schema\\\/logo\\\/image\\\/\",\"url\":\"https:\\\/\\\/escort-annoncelight.dk\\\/wp-content\\\/uploads\\\/2023\\\/08\\\/cropped-Escort-annoncelight.dk_.jpg\",\"contentUrl\":\"https:\\\/\\\/escort-annoncelight.dk\\\/wp-content\\\/uploads\\\/2023\\\/08\\\/cropped-Escort-annoncelight.dk_.jpg\",\"width\":200,\"height\":67,\"caption\":\"Sextjejer\"},\"image\":{\"@id\":\"https:\\\/\\\/escort-annoncelight.dk\\\/#\\\/schema\\\/logo\\\/image\\\/\"}}]}<\/script>\n<!-- \/ Yoast SEO Premium plugin. -->","yoast_head_json":{"title":"Pikfix6x - Escort Annoncelight","description":"Pikfix6x is a girl that is available in Denmark from Escort Annoncelight for you to contact. Contact Pikfix6x today. Escort Annoncelight","robots":{"index":"index","follow":"follow","max-snippet":"max-snippet:-1","max-image-preview":"max-image-preview:large","max-video-preview":"max-video-preview:-1"},"canonical":"https:\/\/escort-annoncelight.dk\/da\/eskortere\/pikfix6x\/","og_locale":"da_DK","og_type":"article","og_title":"Pikfix6x","og_description":"Pikfix6x is a girl that is available in Denmark from Escort Annoncelight for you to contact. Contact Pikfix6x today. Escort Annoncelight","og_url":"https:\/\/escort-annoncelight.dk\/da\/eskortere\/pikfix6x\/","og_site_name":"Escort Annoncelight","og_image":[{"url":"https:\/\/escort-annoncelight.dk\/wp-content\/uploads\/2023\/08\/333172_1.jpg","width":1,"height":1,"type":"image\/jpeg"}],"twitter_card":"summary_large_image","schema":{"@context":"https:\/\/schema.org","@graph":[{"@type":"WebPage","@id":"https:\/\/escort-annoncelight.dk\/escort\/pikfix6x\/","url":"https:\/\/escort-annoncelight.dk\/escort\/pikfix6x\/","name":"Pikfix6x - Escort Annoncelight","isPartOf":{"@id":"https:\/\/escort-annoncelight.dk\/#website"},"primaryImageOfPage":{"@id":"https:\/\/escort-annoncelight.dk\/escort\/pikfix6x\/#primaryimage"},"image":{"@id":"https:\/\/escort-annoncelight.dk\/escort\/pikfix6x\/#primaryimage"},"thumbnailUrl":"https:\/\/escort-annoncelight.dk\/wp-content\/uploads\/2023\/08\/333172_1.jpg","datePublished":"2024-08-15T08:15:16+00:00","description":"Pikfix6x is a girl that is available in Denmark from Escort Annoncelight for you to contact. Contact Pikfix6x today. Escort Annoncelight","breadcrumb":{"@id":"https:\/\/escort-annoncelight.dk\/escort\/pikfix6x\/#breadcrumb"},"inLanguage":"da-DK","potentialAction":[{"@type":"ReadAction","target":["https:\/\/escort-annoncelight.dk\/escort\/pikfix6x\/"]}]},{"@type":"ImageObject","inLanguage":"da-DK","@id":"https:\/\/escort-annoncelight.dk\/escort\/pikfix6x\/#primaryimage","url":"https:\/\/escort-annoncelight.dk\/wp-content\/uploads\/2023\/08\/333172_1.jpg","contentUrl":"https:\/\/escort-annoncelight.dk\/wp-content\/uploads\/2023\/08\/333172_1.jpg","caption":"Pikfix6x"},{"@type":"BreadcrumbList","@id":"https:\/\/escort-annoncelight.dk\/escort\/pikfix6x\/#breadcrumb","itemListElement":[{"@type":"ListItem","position":1,"name":"Home","item":"https:\/\/escort-annoncelight.dk\/"},{"@type":"ListItem","position":2,"name":"Escort Annoncelight","item":"https:\/\/escort-annoncelight.dk\/"},{"@type":"ListItem","position":3,"name":"Pikfix6x"}]},{"@type":"WebSite","@id":"https:\/\/escort-annoncelight.dk\/#website","url":"https:\/\/escort-annoncelight.dk\/","name":"Sextjejer","description":"","publisher":{"@id":"https:\/\/escort-annoncelight.dk\/#organization"},"alternateName":"Escorts","potentialAction":[{"@type":"SearchAction","target":{"@type":"EntryPoint","urlTemplate":"https:\/\/escort-annoncelight.dk\/?s={search_term_string}"},"query-input":{"@type":"PropertyValueSpecification","valueRequired":true,"valueName":"search_term_string"}}],"inLanguage":"da-DK"},{"@type":"Organization","@id":"https:\/\/escort-annoncelight.dk\/#organization","name":"Sextjejer","url":"https:\/\/escort-annoncelight.dk\/","logo":{"@type":"ImageObject","inLanguage":"da-DK","@id":"https:\/\/escort-annoncelight.dk\/#\/schema\/logo\/image\/","url":"https:\/\/escort-annoncelight.dk\/wp-content\/uploads\/2023\/08\/cropped-Escort-annoncelight.dk_.jpg","contentUrl":"https:\/\/escort-annoncelight.dk\/wp-content\/uploads\/2023\/08\/cropped-Escort-annoncelight.dk_.jpg","width":200,"height":67,"caption":"Sextjejer"},"image":{"@id":"https:\/\/escort-annoncelight.dk\/#\/schema\/logo\/image\/"}}]}},"_links":{"self":[{"href":"https:\/\/escort-annoncelight.dk\/da\/wp-json\/wp\/v2\/product\/333172","targetHints":{"allow":["GET"]}}],"collection":[{"href":"https:\/\/escort-annoncelight.dk\/da\/wp-json\/wp\/v2\/product"}],"about":[{"href":"https:\/\/escort-annoncelight.dk\/da\/wp-json\/wp\/v2\/types\/product"}],"wp:featuredmedia":[{"embeddable":true,"href":"https:\/\/escort-annoncelight.dk\/da\/wp-json\/wp\/v2\/media\/12377261"}],"wp:attachment":[{"href":"https:\/\/escort-annoncelight.dk\/da\/wp-json\/wp\/v2\/media?parent=333172"}],"wp:term":[{"taxonomy":"product_brand","embeddable":true,"href":"https:\/\/escort-annoncelight.dk\/da\/wp-json\/wp\/v2\/product_brand?post=333172"},{"taxonomy":"product_cat","embeddable":true,"href":"https:\/\/escort-annoncelight.dk\/da\/wp-json\/wp\/v2\/product_cat?post=333172"},{"taxonomy":"product_tag","embeddable":true,"href":"https:\/\/escort-annoncelight.dk\/da\/wp-json\/wp\/v2\/product_tag?post=333172"}],"curies":[{"name":"wp","href":"https:\/\/api.w.org\/{rel}","templated":true}]}}