{"id":333114,"date":"1970-01-01T00:00:00","date_gmt":"1970-01-01T00:00:00","guid":{"rendered":"https:\/\/escort-annoncelight.dk\/escort\/sugargirl20\/"},"modified":"2023-08-16T10:33:32","modified_gmt":"2023-08-16T10:33:32","slug":"sugargirl20","status":"publish","type":"product","link":"https:\/\/escort-annoncelight.dk\/da\/escort\/sugargirl20\/","title":{"rendered":"Sugargirl 20"},"content":{"rendered":"<p>Hej Mit navn er lige meget. Du kan kalde mig hvad du vil. Jeg leder efter en sugar daddy. En mand der vil fork\u00e6lde mig. Og jeg kan elske, at jeg vil fork\u00e6lde dig tilbage i sengen, eller hvor vi m\u00e5 f\u00e5 lyst. Jeg elsker sex og gerne meget af det. S\u00e5 du vil ikke st\u00e5 og mangle noget. Jeg h\u00e5ber, du er frisk.<\/p>","protected":false},"excerpt":{"rendered":"<p>Hello Mit navn er lige meget. Du kan kalde mig hvad du vil. Jeg leder efter en sugar daddy. En mand der vil fork\u00e6lde mig. Og jeg kan love at jeg vil fork\u00e6lde dig tilbage i sengen, eller hvor vi m\u00e5tte f\u00e5 lyst. Jeg elsker sex og gerne meget af det. S\u00e5 du vil ikke &hellip; <a href=\"https:\/\/escort-annoncelight.dk\/da\/escort\/sugargirl20\/\" class=\"more-link\">Continue reading <span class=\"screen-reader-text\">Sugargirl 20<\/span><\/a><\/p>","protected":false},"featured_media":12374245,"template":"","meta":[],"product_brand":[],"product_cat":[2652],"product_tag":[2542,2546,2557,2535,2545,2552,2550,2554,2537,2543,2549,2536,2548,2559,2540,2547,2541,2544,2553,2555,2539,2556,2558,2551,2538],"class_list":{"0":"post-333114","1":"product","2":"type-product","3":"status-publish","4":"has-post-thumbnail","6":"product_cat-ballerup-escorts","7":"product_tag-annoncelight","8":"product_tag-annoncelight-dk","9":"product_tag-cam-sex","10":"product_tag-eroguide","11":"product_tag-erotik","12":"product_tag-escort-odense","13":"product_tag-escort-og-massage","14":"product_tag-escort-pige","15":"product_tag-escort-side","16":"product_tag-escort5","17":"product_tag-escorte","18":"product_tag-escortguide","19":"product_tag-escortguide-dk","20":"product_tag-gratis-erotik","21":"product_tag-gratis-sex","22":"product_tag-gratisporno","23":"product_tag-massage-escort","24":"product_tag-massage-og-escort","25":"product_tag-sex-escort","26":"product_tag-sex-i-danmark","27":"product_tag-side6","28":"product_tag-sugardaters","29":"product_tag-swingergaarden","30":"product_tag-telefonsex","31":"product_tag-xklub","32":"pa_enjoys-escort-girls-who-like-bondage","33":"pa_enjoys-escort-girls-who-like-cybersex","34":"pa_enjoys-escort-girls-who-like-deepthroat","35":"pa_enjoys-escort-girls-who-like-kissing","36":"pa_enjoys-escort-girls-who-like-lingerie","37":"pa_enjoys-escort-girls-who-like-long-foreplay","38":"pa_enjoys-escort-girls-who-like-massage","39":"pa_enjoys-escort-girls-who-like-mature","40":"pa_enjoys-escort-girls-who-like-missionary","41":"pa_enjoys-escort-girls-who-like-oral-sex","42":"pa_enjoys-escort-girls-who-like-romantic","43":"pa_enjoys-escort-girls-who-like-sex-toys","44":"pa_enjoys-escort-girls-who-like-spanking","45":"pa_enjoys-escort-girls-who-like-spooning","46":"pa_enjoys-escort-girls-who-like-sugar-daddy","48":"first","49":"instock","50":"shipping-taxable","51":"product-type-external"},"yoast_head":"<!-- This site is optimized with the Yoast SEO Premium plugin v22.3 (Yoast SEO v27.3) - https:\/\/yoast.com\/product\/yoast-seo-premium-wordpress\/ -->\n<title>Sugargirl20 - Escort Annoncelight<\/title>\n<meta name=\"description\" content=\"Sugargirl20 is a girl that is available in Denmark from Escort Annoncelight for you to contact. Contact Sugargirl20 today. Escort Annoncelight\" \/>\n<meta name=\"robots\" content=\"index, follow, max-snippet:-1, max-image-preview:large, max-video-preview:-1\" \/>\n<link rel=\"canonical\" href=\"http:\/\/escort-annoncelight.dk\/da\/eskortere\/sugargirl20\/\" \/>\n<meta property=\"og:locale\" content=\"da_DK\" \/>\n<meta property=\"og:type\" content=\"article\" \/>\n<meta property=\"og:title\" content=\"Sugargirl20\" \/>\n<meta property=\"og:description\" content=\"Sugargirl20 is a girl that is available in Denmark from Escort Annoncelight for you to contact. Contact Sugargirl20 today. Escort Annoncelight\" \/>\n<meta property=\"og:url\" content=\"http:\/\/escort-annoncelight.dk\/da\/eskortere\/sugargirl20\/\" \/>\n<meta property=\"og:site_name\" content=\"Escort Annoncelight\" \/>\n<meta property=\"article:modified_time\" content=\"2023-08-16T10:33:32+00:00\" \/>\n<meta property=\"og:image\" content=\"http:\/\/escort-annoncelight.dk\/wp-content\/uploads\/2023\/08\/333114_1.jpg\" \/>\n\t<meta property=\"og:image:width\" content=\"1\" \/>\n\t<meta property=\"og:image:height\" content=\"1\" \/>\n\t<meta property=\"og:image:type\" content=\"image\/jpeg\" \/>\n<meta name=\"twitter:card\" content=\"summary_large_image\" \/>\n<script type=\"application\/ld+json\" class=\"yoast-schema-graph\">{\"@context\":\"https:\\\/\\\/schema.org\",\"@graph\":[{\"@type\":\"WebPage\",\"@id\":\"http:\\\/\\\/escort-annoncelight.dk\\\/da\\\/eskortere\\\/sugargirl20\\\/\",\"url\":\"http:\\\/\\\/escort-annoncelight.dk\\\/da\\\/eskortere\\\/sugargirl20\\\/\",\"name\":\"Sugargirl20 - Escort Annoncelight\",\"isPartOf\":{\"@id\":\"https:\\\/\\\/escort-annoncelight.dk\\\/#website\"},\"primaryImageOfPage\":{\"@id\":\"http:\\\/\\\/escort-annoncelight.dk\\\/da\\\/eskortere\\\/sugargirl20\\\/#primaryimage\"},\"image\":{\"@id\":\"http:\\\/\\\/escort-annoncelight.dk\\\/da\\\/eskortere\\\/sugargirl20\\\/#primaryimage\"},\"thumbnailUrl\":\"https:\\\/\\\/escort-annoncelight.dk\\\/wp-content\\\/uploads\\\/2023\\\/08\\\/333114_1.jpg\",\"datePublished\":\"1970-01-01T00:00:00+00:00\",\"dateModified\":\"2023-08-16T10:33:32+00:00\",\"description\":\"Sugargirl20 is a girl that is available in Denmark from Escort Annoncelight for you to contact. Contact Sugargirl20 today. Escort Annoncelight\",\"breadcrumb\":{\"@id\":\"http:\\\/\\\/escort-annoncelight.dk\\\/da\\\/eskortere\\\/sugargirl20\\\/#breadcrumb\"},\"inLanguage\":\"da-DK\",\"potentialAction\":[{\"@type\":\"ReadAction\",\"target\":[\"http:\\\/\\\/escort-annoncelight.dk\\\/da\\\/eskortere\\\/sugargirl20\\\/\"]}]},{\"@type\":\"ImageObject\",\"inLanguage\":\"da-DK\",\"@id\":\"http:\\\/\\\/escort-annoncelight.dk\\\/da\\\/eskortere\\\/sugargirl20\\\/#primaryimage\",\"url\":\"https:\\\/\\\/escort-annoncelight.dk\\\/wp-content\\\/uploads\\\/2023\\\/08\\\/333114_1.jpg\",\"contentUrl\":\"https:\\\/\\\/escort-annoncelight.dk\\\/wp-content\\\/uploads\\\/2023\\\/08\\\/333114_1.jpg\",\"caption\":\"Sugargirl20\"},{\"@type\":\"BreadcrumbList\",\"@id\":\"http:\\\/\\\/escort-annoncelight.dk\\\/da\\\/eskortere\\\/sugargirl20\\\/#breadcrumb\",\"itemListElement\":[{\"@type\":\"ListItem\",\"position\":1,\"name\":\"Home\",\"item\":\"https:\\\/\\\/escort-annoncelight.dk\\\/\"},{\"@type\":\"ListItem\",\"position\":2,\"name\":\"Escort Annoncelight\",\"item\":\"https:\\\/\\\/escort-annoncelight.dk\\\/\"},{\"@type\":\"ListItem\",\"position\":3,\"name\":\"Sugargirl20\"}]},{\"@type\":\"WebSite\",\"@id\":\"https:\\\/\\\/escort-annoncelight.dk\\\/#website\",\"url\":\"https:\\\/\\\/escort-annoncelight.dk\\\/\",\"name\":\"Sextjejer\",\"description\":\"\",\"publisher\":{\"@id\":\"https:\\\/\\\/escort-annoncelight.dk\\\/#organization\"},\"alternateName\":\"Escorts\",\"potentialAction\":[{\"@type\":\"SearchAction\",\"target\":{\"@type\":\"EntryPoint\",\"urlTemplate\":\"https:\\\/\\\/escort-annoncelight.dk\\\/?s={search_term_string}\"},\"query-input\":{\"@type\":\"PropertyValueSpecification\",\"valueRequired\":true,\"valueName\":\"search_term_string\"}}],\"inLanguage\":\"da-DK\"},{\"@type\":\"Organization\",\"@id\":\"https:\\\/\\\/escort-annoncelight.dk\\\/#organization\",\"name\":\"Sextjejer\",\"url\":\"https:\\\/\\\/escort-annoncelight.dk\\\/\",\"logo\":{\"@type\":\"ImageObject\",\"inLanguage\":\"da-DK\",\"@id\":\"https:\\\/\\\/escort-annoncelight.dk\\\/#\\\/schema\\\/logo\\\/image\\\/\",\"url\":\"https:\\\/\\\/escort-annoncelight.dk\\\/wp-content\\\/uploads\\\/2023\\\/08\\\/cropped-Escort-annoncelight.dk_.jpg\",\"contentUrl\":\"https:\\\/\\\/escort-annoncelight.dk\\\/wp-content\\\/uploads\\\/2023\\\/08\\\/cropped-Escort-annoncelight.dk_.jpg\",\"width\":200,\"height\":67,\"caption\":\"Sextjejer\"},\"image\":{\"@id\":\"https:\\\/\\\/escort-annoncelight.dk\\\/#\\\/schema\\\/logo\\\/image\\\/\"}}]}<\/script>\n<!-- \/ Yoast SEO Premium plugin. -->","yoast_head_json":{"title":"Sugargirl20 - Escort Annoncelight","description":"Sugargirl20 er en pige, der er tilg\u00e6ngelig i Danmark fra Escort Annoncelight, som du kan kontakte. Kontakt Sugargirl20 i dag. Escort Annoncelight","robots":{"index":"index","follow":"follow","max-snippet":"max-snippet:-1","max-image-preview":"max-image-preview:large","max-video-preview":"max-video-preview:-1"},"canonical":"http:\/\/escort-annoncelight.dk\/da\/eskortere\/sugargirl20\/","og_locale":"da_DK","og_type":"article","og_title":"Sugargirl20","og_description":"Sugargirl20 is a girl that is available in Denmark from Escort Annoncelight for you to contact. Contact Sugargirl20 today. Escort Annoncelight","og_url":"http:\/\/escort-annoncelight.dk\/da\/eskortere\/sugargirl20\/","og_site_name":"Escort Annoncelight","article_modified_time":"2023-08-16T10:33:32+00:00","og_image":[{"url":"http:\/\/escort-annoncelight.dk\/wp-content\/uploads\/2023\/08\/333114_1.jpg","width":1,"height":1,"type":"image\/jpeg"}],"twitter_card":"summary_large_image","schema":{"@context":"https:\/\/schema.org","@graph":[{"@type":"WebPage","@id":"http:\/\/escort-annoncelight.dk\/da\/eskortere\/sugargirl20\/","url":"http:\/\/escort-annoncelight.dk\/da\/eskortere\/sugargirl20\/","name":"Sugargirl20 - Escort Annoncelight","isPartOf":{"@id":"https:\/\/escort-annoncelight.dk\/#website"},"primaryImageOfPage":{"@id":"http:\/\/escort-annoncelight.dk\/da\/eskortere\/sugargirl20\/#primaryimage"},"image":{"@id":"http:\/\/escort-annoncelight.dk\/da\/eskortere\/sugargirl20\/#primaryimage"},"thumbnailUrl":"https:\/\/escort-annoncelight.dk\/wp-content\/uploads\/2023\/08\/333114_1.jpg","datePublished":"1970-01-01T00:00:00+00:00","dateModified":"2023-08-16T10:33:32+00:00","description":"Sugargirl20 er en pige, der er tilg\u00e6ngelig i Danmark fra Escort Annoncelight, som du kan kontakte. Kontakt Sugargirl20 i dag. Escort Annoncelight","breadcrumb":{"@id":"http:\/\/escort-annoncelight.dk\/da\/eskortere\/sugargirl20\/#breadcrumb"},"inLanguage":"da-DK","potentialAction":[{"@type":"ReadAction","target":["http:\/\/escort-annoncelight.dk\/da\/eskortere\/sugargirl20\/"]}]},{"@type":"ImageObject","inLanguage":"da-DK","@id":"http:\/\/escort-annoncelight.dk\/da\/eskortere\/sugargirl20\/#primaryimage","url":"https:\/\/escort-annoncelight.dk\/wp-content\/uploads\/2023\/08\/333114_1.jpg","contentUrl":"https:\/\/escort-annoncelight.dk\/wp-content\/uploads\/2023\/08\/333114_1.jpg","caption":"Sugargirl20"},{"@type":"BreadcrumbList","@id":"http:\/\/escort-annoncelight.dk\/da\/eskortere\/sugargirl20\/#breadcrumb","itemListElement":[{"@type":"ListItem","position":1,"name":"Home","item":"https:\/\/escort-annoncelight.dk\/"},{"@type":"ListItem","position":2,"name":"Escort Annoncelight","item":"https:\/\/escort-annoncelight.dk\/"},{"@type":"ListItem","position":3,"name":"Sugargirl20"}]},{"@type":"WebSite","@id":"https:\/\/escort-annoncelight.dk\/#website","url":"https:\/\/escort-annoncelight.dk\/","name":"Sextjejer","description":"","publisher":{"@id":"https:\/\/escort-annoncelight.dk\/#organization"},"alternateName":"Escorts","potentialAction":[{"@type":"SearchAction","target":{"@type":"EntryPoint","urlTemplate":"https:\/\/escort-annoncelight.dk\/?s={search_term_string}"},"query-input":{"@type":"PropertyValueSpecification","valueRequired":true,"valueName":"search_term_string"}}],"inLanguage":"da-DK"},{"@type":"Organization","@id":"https:\/\/escort-annoncelight.dk\/#organization","name":"Sextjejer","url":"https:\/\/escort-annoncelight.dk\/","logo":{"@type":"ImageObject","inLanguage":"da-DK","@id":"https:\/\/escort-annoncelight.dk\/#\/schema\/logo\/image\/","url":"https:\/\/escort-annoncelight.dk\/wp-content\/uploads\/2023\/08\/cropped-Escort-annoncelight.dk_.jpg","contentUrl":"https:\/\/escort-annoncelight.dk\/wp-content\/uploads\/2023\/08\/cropped-Escort-annoncelight.dk_.jpg","width":200,"height":67,"caption":"Sextjejer"},"image":{"@id":"https:\/\/escort-annoncelight.dk\/#\/schema\/logo\/image\/"}}]}},"_links":{"self":[{"href":"https:\/\/escort-annoncelight.dk\/da\/wp-json\/wp\/v2\/product\/333114","targetHints":{"allow":["GET"]}}],"collection":[{"href":"https:\/\/escort-annoncelight.dk\/da\/wp-json\/wp\/v2\/product"}],"about":[{"href":"https:\/\/escort-annoncelight.dk\/da\/wp-json\/wp\/v2\/types\/product"}],"wp:featuredmedia":[{"embeddable":true,"href":"https:\/\/escort-annoncelight.dk\/da\/wp-json\/wp\/v2\/media\/12374245"}],"wp:attachment":[{"href":"https:\/\/escort-annoncelight.dk\/da\/wp-json\/wp\/v2\/media?parent=333114"}],"wp:term":[{"taxonomy":"product_brand","embeddable":true,"href":"https:\/\/escort-annoncelight.dk\/da\/wp-json\/wp\/v2\/product_brand?post=333114"},{"taxonomy":"product_cat","embeddable":true,"href":"https:\/\/escort-annoncelight.dk\/da\/wp-json\/wp\/v2\/product_cat?post=333114"},{"taxonomy":"product_tag","embeddable":true,"href":"https:\/\/escort-annoncelight.dk\/da\/wp-json\/wp\/v2\/product_tag?post=333114"}],"curies":[{"name":"wp","href":"https:\/\/api.w.org\/{rel}","templated":true}]}}