{"id":333016,"date":"2021-04-09T08:45:00","date_gmt":"2021-04-09T08:45:00","guid":{"rendered":"https:\/\/escort-annoncelight.dk\/escort\/theblackone\/"},"modified":"2023-08-16T09:47:00","modified_gmt":"2023-08-16T09:47:00","slug":"den-sorte","status":"publish","type":"product","link":"https:\/\/escort-annoncelight.dk\/da\/escort\/theblackone\/","title":{"rendered":"Den sorte"},"content":{"rendered":"<p>Den store sk\u00f8nhed her s\u00f8ger en at kunne hygge sig med, m\u00e5ske en k\u00e6reste? men det vil jeg nu gerne lige se tiden an, men lad mig da endelig h\u00f8re fra jer.<\/p>","protected":false},"excerpt":{"rendered":"<p>Den store sk\u00f8nhed her s\u00f8ger en at kunne hygge sig med, m\u00e5ske en k\u00e6reste? men det vil jeg nu gerne lige se tiden an, men lad mig da endelig h\u00f8re fra jer.<\/p>","protected":false},"featured_media":12373164,"template":"","meta":[],"product_brand":[],"product_cat":[2589],"product_tag":[2542,2546,2557,2535,2545,2552,2550,2554,2537,2543,2549,2536,2548,2559,2540,2547,2541,2544,2553,2555,2539,2556,2558,2551,2538],"class_list":{"0":"post-333016","1":"product","2":"type-product","3":"status-publish","4":"has-post-thumbnail","6":"product_cat-aalborg-escorts","7":"product_tag-annoncelight","8":"product_tag-annoncelight-dk","9":"product_tag-cam-sex","10":"product_tag-eroguide","11":"product_tag-erotik","12":"product_tag-escort-odense","13":"product_tag-escort-og-massage","14":"product_tag-escort-pige","15":"product_tag-escort-side","16":"product_tag-escort5","17":"product_tag-escorte","18":"product_tag-escortguide","19":"product_tag-escortguide-dk","20":"product_tag-gratis-erotik","21":"product_tag-gratis-sex","22":"product_tag-gratisporno","23":"product_tag-massage-escort","24":"product_tag-massage-og-escort","25":"product_tag-sex-escort","26":"product_tag-sex-i-danmark","27":"product_tag-side6","28":"product_tag-sugardaters","29":"product_tag-swingergaarden","30":"product_tag-telefonsex","31":"product_tag-xklub","32":"pa_enjoys-escort-girls-who-like-69","33":"pa_enjoys-escort-girls-who-like-anal","34":"pa_enjoys-escort-girls-who-like-being-dominated","35":"pa_enjoys-escort-girls-who-like-big-dick","36":"pa_enjoys-escort-girls-who-like-deepthroat","37":"pa_enjoys-escort-girls-who-like-dildo","38":"pa_enjoys-escort-girls-who-like-experimental","39":"pa_enjoys-escort-girls-who-like-handcuffs","40":"pa_enjoys-escort-girls-who-like-massage","41":"pa_enjoys-escort-girls-who-like-masturbation","42":"pa_enjoys-escort-girls-who-like-no-condom","43":"pa_enjoys-escort-girls-who-like-role-play","44":"pa_enjoys-escort-girls-who-like-sex-toys","45":"pa_enjoys-escort-girls-who-like-spanking","46":"pa_enjoys-escort-girls-who-like-threesome","48":"first","49":"instock","50":"shipping-taxable","51":"product-type-external"},"yoast_head":"<!-- This site is optimized with the Yoast SEO Premium plugin v22.3 (Yoast SEO v27.0) - https:\/\/yoast.com\/product\/yoast-seo-premium-wordpress\/ -->\n<title>Theblackone - Escort Annoncelight<\/title>\n<meta name=\"description\" content=\"Theblackone is a girl that is available in Denmark from Escort Annoncelight for you to contact. Contact Theblackone today. Escort Annoncelight\" \/>\n<meta name=\"robots\" content=\"index, follow, max-snippet:-1, max-image-preview:large, max-video-preview:-1\" \/>\n<link rel=\"canonical\" href=\"https:\/\/escort-annoncelight.dk\/da\/eskortere\/den-sorte\/\" \/>\n<meta property=\"og:locale\" content=\"da_DK\" \/>\n<meta property=\"og:type\" content=\"article\" \/>\n<meta property=\"og:title\" content=\"Theblackone\" \/>\n<meta property=\"og:description\" content=\"Theblackone is a girl that is available in Denmark from Escort Annoncelight for you to contact. Contact Theblackone today. Escort Annoncelight\" \/>\n<meta property=\"og:url\" content=\"https:\/\/escort-annoncelight.dk\/da\/eskortere\/den-sorte\/\" \/>\n<meta property=\"og:site_name\" content=\"Escort Annoncelight\" \/>\n<meta property=\"article:modified_time\" content=\"2023-08-16T09:47:00+00:00\" \/>\n<meta property=\"og:image\" content=\"https:\/\/escort-annoncelight.dk\/wp-content\/uploads\/2023\/08\/333016_1.jpg\" \/>\n\t<meta property=\"og:image:width\" content=\"1\" \/>\n\t<meta property=\"og:image:height\" content=\"1\" \/>\n\t<meta property=\"og:image:type\" content=\"image\/jpeg\" \/>\n<meta name=\"twitter:card\" content=\"summary_large_image\" \/>\n<script type=\"application\/ld+json\" class=\"yoast-schema-graph\">{\"@context\":\"https:\/\/schema.org\",\"@graph\":[{\"@type\":\"WebPage\",\"@id\":\"https:\/\/escort-annoncelight.dk\/escort\/theblackone\/\",\"url\":\"https:\/\/escort-annoncelight.dk\/escort\/theblackone\/\",\"name\":\"Theblackone - Escort Annoncelight\",\"isPartOf\":{\"@id\":\"http:\/\/escort-annoncelight.dk\/da\/#website\"},\"primaryImageOfPage\":{\"@id\":\"https:\/\/escort-annoncelight.dk\/escort\/theblackone\/#primaryimage\"},\"image\":{\"@id\":\"https:\/\/escort-annoncelight.dk\/escort\/theblackone\/#primaryimage\"},\"thumbnailUrl\":\"https:\/\/escort-annoncelight.dk\/wp-content\/uploads\/2023\/08\/333016_1.jpg\",\"datePublished\":\"2021-04-09T08:45:00+00:00\",\"dateModified\":\"2023-08-16T09:47:00+00:00\",\"description\":\"Theblackone is a girl that is available in Denmark from Escort Annoncelight for you to contact. Contact Theblackone today. Escort Annoncelight\",\"breadcrumb\":{\"@id\":\"https:\/\/escort-annoncelight.dk\/escort\/theblackone\/#breadcrumb\"},\"inLanguage\":\"da-DK\",\"potentialAction\":[{\"@type\":\"ReadAction\",\"target\":[\"https:\/\/escort-annoncelight.dk\/escort\/theblackone\/\"]}]},{\"@type\":\"ImageObject\",\"inLanguage\":\"da-DK\",\"@id\":\"https:\/\/escort-annoncelight.dk\/escort\/theblackone\/#primaryimage\",\"url\":\"https:\/\/escort-annoncelight.dk\/wp-content\/uploads\/2023\/08\/333016_1.jpg\",\"contentUrl\":\"https:\/\/escort-annoncelight.dk\/wp-content\/uploads\/2023\/08\/333016_1.jpg\",\"caption\":\"Theblackone\"},{\"@type\":\"BreadcrumbList\",\"@id\":\"https:\/\/escort-annoncelight.dk\/escort\/theblackone\/#breadcrumb\",\"itemListElement\":[{\"@type\":\"ListItem\",\"position\":1,\"name\":\"Home\",\"item\":\"http:\/\/escort-annoncelight.dk\/da\/\"},{\"@type\":\"ListItem\",\"position\":2,\"name\":\"Escort Annoncelight\",\"item\":\"http:\/\/escort-annoncelight.dk\/da\/\"},{\"@type\":\"ListItem\",\"position\":3,\"name\":\"Theblackone\"}]},{\"@type\":\"WebSite\",\"@id\":\"http:\/\/escort-annoncelight.dk\/da\/#website\",\"url\":\"http:\/\/escort-annoncelight.dk\/da\/\",\"name\":\"Sextjejer\",\"description\":\"\",\"publisher\":{\"@id\":\"http:\/\/escort-annoncelight.dk\/da\/#organization\"},\"alternateName\":\"Escorts\",\"potentialAction\":[{\"@type\":\"SearchAction\",\"target\":{\"@type\":\"EntryPoint\",\"urlTemplate\":\"http:\/\/escort-annoncelight.dk\/da\/?s={search_term_string}\"},\"query-input\":{\"@type\":\"PropertyValueSpecification\",\"valueRequired\":true,\"valueName\":\"search_term_string\"}}],\"inLanguage\":\"da-DK\"},{\"@type\":\"Organization\",\"@id\":\"http:\/\/escort-annoncelight.dk\/da\/#organization\",\"name\":\"Sextjejer\",\"url\":\"http:\/\/escort-annoncelight.dk\/da\/\",\"logo\":{\"@type\":\"ImageObject\",\"inLanguage\":\"da-DK\",\"@id\":\"http:\/\/escort-annoncelight.dk\/da\/#\/schema\/logo\/image\/\",\"url\":\"https:\/\/escort-annoncelight.dk\/wp-content\/uploads\/2023\/08\/cropped-Escort-annoncelight.dk_.jpg\",\"contentUrl\":\"https:\/\/escort-annoncelight.dk\/wp-content\/uploads\/2023\/08\/cropped-Escort-annoncelight.dk_.jpg\",\"width\":200,\"height\":67,\"caption\":\"Sextjejer\"},\"image\":{\"@id\":\"http:\/\/escort-annoncelight.dk\/da\/#\/schema\/logo\/image\/\"}}]}<\/script>\n<!-- \/ Yoast SEO Premium plugin. -->","yoast_head_json":{"title":"Theblackone - Escort Annoncelight","description":"Theblackone er en pige, som er tilg\u00e6ngelig i Danmark fra Escort Annoncelight for dig at kontakte. Kontakt Theblackone i dag. Escort Annoncelight","robots":{"index":"index","follow":"follow","max-snippet":"max-snippet:-1","max-image-preview":"max-image-preview:large","max-video-preview":"max-video-preview:-1"},"canonical":"https:\/\/escort-annoncelight.dk\/da\/eskortere\/den-sorte\/","og_locale":"da_DK","og_type":"article","og_title":"Theblackone","og_description":"Theblackone is a girl that is available in Denmark from Escort Annoncelight for you to contact. Contact Theblackone today. Escort Annoncelight","og_url":"https:\/\/escort-annoncelight.dk\/da\/eskortere\/den-sorte\/","og_site_name":"Escort Annoncelight","article_modified_time":"2023-08-16T09:47:00+00:00","og_image":[{"url":"https:\/\/escort-annoncelight.dk\/wp-content\/uploads\/2023\/08\/333016_1.jpg","width":1,"height":1,"type":"image\/jpeg"}],"twitter_card":"summary_large_image","schema":{"@context":"https:\/\/schema.org","@graph":[{"@type":"WebPage","@id":"https:\/\/escort-annoncelight.dk\/escort\/theblackone\/","url":"https:\/\/escort-annoncelight.dk\/escort\/theblackone\/","name":"Theblackone - Escort Annoncelight","isPartOf":{"@id":"http:\/\/escort-annoncelight.dk\/da\/#website"},"primaryImageOfPage":{"@id":"https:\/\/escort-annoncelight.dk\/escort\/theblackone\/#primaryimage"},"image":{"@id":"https:\/\/escort-annoncelight.dk\/escort\/theblackone\/#primaryimage"},"thumbnailUrl":"https:\/\/escort-annoncelight.dk\/wp-content\/uploads\/2023\/08\/333016_1.jpg","datePublished":"2021-04-09T08:45:00+00:00","dateModified":"2023-08-16T09:47:00+00:00","description":"Theblackone er en pige, som er tilg\u00e6ngelig i Danmark fra Escort Annoncelight for dig at kontakte. Kontakt Theblackone i dag. Escort Annoncelight","breadcrumb":{"@id":"https:\/\/escort-annoncelight.dk\/escort\/theblackone\/#breadcrumb"},"inLanguage":"da-DK","potentialAction":[{"@type":"ReadAction","target":["https:\/\/escort-annoncelight.dk\/escort\/theblackone\/"]}]},{"@type":"ImageObject","inLanguage":"da-DK","@id":"https:\/\/escort-annoncelight.dk\/escort\/theblackone\/#primaryimage","url":"https:\/\/escort-annoncelight.dk\/wp-content\/uploads\/2023\/08\/333016_1.jpg","contentUrl":"https:\/\/escort-annoncelight.dk\/wp-content\/uploads\/2023\/08\/333016_1.jpg","caption":"Theblackone"},{"@type":"BreadcrumbList","@id":"https:\/\/escort-annoncelight.dk\/escort\/theblackone\/#breadcrumb","itemListElement":[{"@type":"ListItem","position":1,"name":"Home","item":"http:\/\/escort-annoncelight.dk\/da\/"},{"@type":"ListItem","position":2,"name":"Escort Annoncelight","item":"http:\/\/escort-annoncelight.dk\/da\/"},{"@type":"ListItem","position":3,"name":"Theblackone"}]},{"@type":"WebSite","@id":"http:\/\/escort-annoncelight.dk\/da\/#website","url":"http:\/\/escort-annoncelight.dk\/da\/","name":"Sextjejer","description":"","publisher":{"@id":"http:\/\/escort-annoncelight.dk\/da\/#organization"},"alternateName":"Escorts","potentialAction":[{"@type":"SearchAction","target":{"@type":"EntryPoint","urlTemplate":"http:\/\/escort-annoncelight.dk\/da\/?s={search_term_string}"},"query-input":{"@type":"PropertyValueSpecification","valueRequired":true,"valueName":"search_term_string"}}],"inLanguage":"da-DK"},{"@type":"Organization","@id":"http:\/\/escort-annoncelight.dk\/da\/#organization","name":"Sextjejer","url":"http:\/\/escort-annoncelight.dk\/da\/","logo":{"@type":"ImageObject","inLanguage":"da-DK","@id":"http:\/\/escort-annoncelight.dk\/da\/#\/schema\/logo\/image\/","url":"https:\/\/escort-annoncelight.dk\/wp-content\/uploads\/2023\/08\/cropped-Escort-annoncelight.dk_.jpg","contentUrl":"https:\/\/escort-annoncelight.dk\/wp-content\/uploads\/2023\/08\/cropped-Escort-annoncelight.dk_.jpg","width":200,"height":67,"caption":"Sextjejer"},"image":{"@id":"http:\/\/escort-annoncelight.dk\/da\/#\/schema\/logo\/image\/"}}]}},"_links":{"self":[{"href":"https:\/\/escort-annoncelight.dk\/da\/wp-json\/wp\/v2\/product\/333016","targetHints":{"allow":["GET"]}}],"collection":[{"href":"https:\/\/escort-annoncelight.dk\/da\/wp-json\/wp\/v2\/product"}],"about":[{"href":"https:\/\/escort-annoncelight.dk\/da\/wp-json\/wp\/v2\/types\/product"}],"wp:featuredmedia":[{"embeddable":true,"href":"https:\/\/escort-annoncelight.dk\/da\/wp-json\/wp\/v2\/media\/12373164"}],"wp:attachment":[{"href":"https:\/\/escort-annoncelight.dk\/da\/wp-json\/wp\/v2\/media?parent=333016"}],"wp:term":[{"taxonomy":"product_brand","embeddable":true,"href":"https:\/\/escort-annoncelight.dk\/da\/wp-json\/wp\/v2\/product_brand?post=333016"},{"taxonomy":"product_cat","embeddable":true,"href":"https:\/\/escort-annoncelight.dk\/da\/wp-json\/wp\/v2\/product_cat?post=333016"},{"taxonomy":"product_tag","embeddable":true,"href":"https:\/\/escort-annoncelight.dk\/da\/wp-json\/wp\/v2\/product_tag?post=333016"}],"curies":[{"name":"wp","href":"https:\/\/api.w.org\/{rel}","templated":true}]}}