{"id":333400,"date":"2024-03-03T08:15:45","date_gmt":"2024-03-03T08:15:45","guid":{"rendered":"https:\/\/escort-annoncelight.dk\/?post_type=product&#038;p=333400"},"modified":"2024-03-03T08:15:45","modified_gmt":"2024-03-03T08:15:45","slug":"babsognutte29dk","status":"publish","type":"product","link":"http:\/\/escort-annoncelight.dk\/da\/escort\/babsognutte29dk\/","title":{"rendered":"BabsOgNutte29DK"},"content":{"rendered":"<p>Veltrimmet t\u00f8s med store bryster s\u00f8ger sjov og fr\u00e6kt selskab med gentlemen,jeg har en dejlig stram fisse der venter p\u00e5 fremmed selskab.Er meget\u00a0 fr\u00e6k og liderlig.Du er en gentleman medstor sex lyst.<\/p>","protected":false},"excerpt":{"rendered":"<p>Veltrimmet t\u00f8s med store bryster s\u00f8ger sjov og fr\u00e6kt selskab med gentlemen,jeg har en dejlig stram fisse der venter p\u00e5 fremmed selskab.Er meget\u00a0 fr\u00e6k og liderlig.Du er en gentleman medstor sex lyst.<\/p>","protected":false},"featured_media":12378993,"template":"","meta":[],"product_brand":[],"product_cat":[2813],"product_tag":[2542,2546,2557,2535,2545,2552,2550,2554,2537,2543,2549,2536,2548,2559,2540,2547,2541,2544,2553,2555,2539,2556,2558,2551,2538],"class_list":{"0":"post-333400","1":"product","2":"type-product","3":"status-publish","4":"has-post-thumbnail","6":"product_cat-naestved","7":"product_tag-annoncelight","8":"product_tag-annoncelight-dk","9":"product_tag-cam-sex","10":"product_tag-eroguide","11":"product_tag-erotik","12":"product_tag-escort-odense","13":"product_tag-escort-og-massage","14":"product_tag-escort-pige","15":"product_tag-escort-side","16":"product_tag-escort5","17":"product_tag-escorte","18":"product_tag-escortguide","19":"product_tag-escortguide-dk","20":"product_tag-gratis-erotik","21":"product_tag-gratis-sex","22":"product_tag-gratisporno","23":"product_tag-massage-escort","24":"product_tag-massage-og-escort","25":"product_tag-sex-escort","26":"product_tag-sex-i-danmark","27":"product_tag-side6","28":"product_tag-sugardaters","29":"product_tag-swingergaarden","30":"product_tag-telefonsex","31":"product_tag-xklub","32":"pa_enjoys-escort-girls-who-enjoy-swallow","33":"pa_enjoys-escort-girls-who-like-69","34":"pa_enjoys-escort-girls-who-like-anal","35":"pa_enjoys-escort-girls-who-like-big-tits","36":"pa_enjoys-escort-girls-who-like-blowjob","37":"pa_enjoys-escort-girls-who-like-butt-plug","38":"pa_enjoys-escort-girls-who-like-deepthroat","39":"pa_enjoys-escort-girls-who-like-dildo","40":"pa_enjoys-escort-girls-who-like-experimental","41":"pa_enjoys-escort-girls-who-like-footjob","42":"pa_enjoys-escort-girls-who-like-missionary","43":"pa_enjoys-escort-girls-who-like-oral-sex","44":"pa_enjoys-escort-girls-who-like-sex-toys","45":"pa_enjoys-escort-girls-who-like-shaved","46":"pa_enjoys-escort-girls-who-like-straight-sex","47":"pa_enjoys-escort-girls-who-like-to-dominate","49":"first","50":"instock","51":"shipping-taxable","52":"product-type-external"},"yoast_head":"<!-- This site is optimized with the Yoast SEO Premium plugin v22.3 (Yoast SEO v27.3) - https:\/\/yoast.com\/product\/yoast-seo-premium-wordpress\/ -->\n<title>BabsOgNutte29DK - Escort Annoncelight<\/title>\n<meta name=\"description\" content=\"BabsOgNutte29DK is a girl that is available in Denmark from Escort Annoncelight for you to contact. Contact BabsOgNutte29DK today. Escort Annoncelight\" \/>\n<meta name=\"robots\" content=\"index, follow, max-snippet:-1, max-image-preview:large, max-video-preview:-1\" \/>\n<link rel=\"canonical\" href=\"http:\/\/escort-annoncelight.dk\/da\/eskortere\/babsognutte29dk\/\" \/>\n<meta property=\"og:locale\" content=\"da_DK\" \/>\n<meta property=\"og:type\" content=\"article\" \/>\n<meta property=\"og:title\" content=\"BabsOgNutte29DK\" \/>\n<meta property=\"og:description\" content=\"BabsOgNutte29DK is a girl that is available in Denmark from Escort Annoncelight for you to contact. Contact BabsOgNutte29DK today. Escort Annoncelight\" \/>\n<meta property=\"og:url\" content=\"http:\/\/escort-annoncelight.dk\/da\/eskortere\/babsognutte29dk\/\" \/>\n<meta property=\"og:site_name\" content=\"Escort Annoncelight\" \/>\n<meta property=\"og:image\" content=\"http:\/\/escort-annoncelight.dk\/wp-content\/uploads\/2023\/08\/333400_1.jpg\" \/>\n\t<meta property=\"og:image:width\" content=\"1\" \/>\n\t<meta property=\"og:image:height\" content=\"1\" \/>\n\t<meta property=\"og:image:type\" content=\"image\/jpeg\" \/>\n<meta name=\"twitter:card\" content=\"summary_large_image\" \/>\n<script type=\"application\/ld+json\" class=\"yoast-schema-graph\">{\"@context\":\"https:\\\/\\\/schema.org\",\"@graph\":[{\"@type\":\"WebPage\",\"@id\":\"http:\\\/\\\/escort-annoncelight.dk\\\/da\\\/eskortere\\\/babsognutte29dk\\\/\",\"url\":\"http:\\\/\\\/escort-annoncelight.dk\\\/da\\\/eskortere\\\/babsognutte29dk\\\/\",\"name\":\"BabsOgNutte29DK - Escort Annoncelight\",\"isPartOf\":{\"@id\":\"http:\\\/\\\/escort-annoncelight.dk\\\/#website\"},\"primaryImageOfPage\":{\"@id\":\"http:\\\/\\\/escort-annoncelight.dk\\\/da\\\/eskortere\\\/babsognutte29dk\\\/#primaryimage\"},\"image\":{\"@id\":\"http:\\\/\\\/escort-annoncelight.dk\\\/da\\\/eskortere\\\/babsognutte29dk\\\/#primaryimage\"},\"thumbnailUrl\":\"http:\\\/\\\/escort-annoncelight.dk\\\/wp-content\\\/uploads\\\/2023\\\/08\\\/333400_1.jpg\",\"datePublished\":\"2024-03-03T08:15:45+00:00\",\"description\":\"BabsOgNutte29DK is a girl that is available in Denmark from Escort Annoncelight for you to contact. Contact BabsOgNutte29DK today. Escort Annoncelight\",\"breadcrumb\":{\"@id\":\"http:\\\/\\\/escort-annoncelight.dk\\\/da\\\/eskortere\\\/babsognutte29dk\\\/#breadcrumb\"},\"inLanguage\":\"da-DK\",\"potentialAction\":[{\"@type\":\"ReadAction\",\"target\":[\"http:\\\/\\\/escort-annoncelight.dk\\\/da\\\/eskortere\\\/babsognutte29dk\\\/\"]}]},{\"@type\":\"ImageObject\",\"inLanguage\":\"da-DK\",\"@id\":\"http:\\\/\\\/escort-annoncelight.dk\\\/da\\\/eskortere\\\/babsognutte29dk\\\/#primaryimage\",\"url\":\"http:\\\/\\\/escort-annoncelight.dk\\\/wp-content\\\/uploads\\\/2023\\\/08\\\/333400_1.jpg\",\"contentUrl\":\"http:\\\/\\\/escort-annoncelight.dk\\\/wp-content\\\/uploads\\\/2023\\\/08\\\/333400_1.jpg\",\"caption\":\"BabsOgNutte29DK\"},{\"@type\":\"BreadcrumbList\",\"@id\":\"http:\\\/\\\/escort-annoncelight.dk\\\/da\\\/eskortere\\\/babsognutte29dk\\\/#breadcrumb\",\"itemListElement\":[{\"@type\":\"ListItem\",\"position\":1,\"name\":\"Home\",\"item\":\"http:\\\/\\\/escort-annoncelight.dk\\\/da\\\/\"},{\"@type\":\"ListItem\",\"position\":2,\"name\":\"Escort Annoncelight\",\"item\":\"http:\\\/\\\/escort-annoncelight.dk\\\/da\\\/\"},{\"@type\":\"ListItem\",\"position\":3,\"name\":\"BabsOgNutte29DK\"}]},{\"@type\":\"WebSite\",\"@id\":\"http:\\\/\\\/escort-annoncelight.dk\\\/#website\",\"url\":\"http:\\\/\\\/escort-annoncelight.dk\\\/\",\"name\":\"Sextjejer\",\"description\":\"\",\"publisher\":{\"@id\":\"http:\\\/\\\/escort-annoncelight.dk\\\/#organization\"},\"alternateName\":\"Escorts\",\"potentialAction\":[{\"@type\":\"SearchAction\",\"target\":{\"@type\":\"EntryPoint\",\"urlTemplate\":\"http:\\\/\\\/escort-annoncelight.dk\\\/?s={search_term_string}\"},\"query-input\":{\"@type\":\"PropertyValueSpecification\",\"valueRequired\":true,\"valueName\":\"search_term_string\"}}],\"inLanguage\":\"da-DK\"},{\"@type\":\"Organization\",\"@id\":\"http:\\\/\\\/escort-annoncelight.dk\\\/#organization\",\"name\":\"Sextjejer\",\"url\":\"http:\\\/\\\/escort-annoncelight.dk\\\/\",\"logo\":{\"@type\":\"ImageObject\",\"inLanguage\":\"da-DK\",\"@id\":\"http:\\\/\\\/escort-annoncelight.dk\\\/#\\\/schema\\\/logo\\\/image\\\/\",\"url\":\"http:\\\/\\\/escort-annoncelight.dk\\\/wp-content\\\/uploads\\\/2023\\\/08\\\/cropped-Escort-annoncelight.dk_.jpg\",\"contentUrl\":\"http:\\\/\\\/escort-annoncelight.dk\\\/wp-content\\\/uploads\\\/2023\\\/08\\\/cropped-Escort-annoncelight.dk_.jpg\",\"width\":200,\"height\":67,\"caption\":\"Sextjejer\"},\"image\":{\"@id\":\"http:\\\/\\\/escort-annoncelight.dk\\\/#\\\/schema\\\/logo\\\/image\\\/\"}}]}<\/script>\n<!-- \/ Yoast SEO Premium plugin. -->","yoast_head_json":{"title":"BabsOgNutte29DK - Escort Annoncelight","description":"BabsOgNutte29DK is a girl that is available in Denmark from Escort Annoncelight for you to contact. Contact BabsOgNutte29DK today. Escort Annoncelight","robots":{"index":"index","follow":"follow","max-snippet":"max-snippet:-1","max-image-preview":"max-image-preview:large","max-video-preview":"max-video-preview:-1"},"canonical":"http:\/\/escort-annoncelight.dk\/da\/eskortere\/babsognutte29dk\/","og_locale":"da_DK","og_type":"article","og_title":"BabsOgNutte29DK","og_description":"BabsOgNutte29DK is a girl that is available in Denmark from Escort Annoncelight for you to contact. Contact BabsOgNutte29DK today. Escort Annoncelight","og_url":"http:\/\/escort-annoncelight.dk\/da\/eskortere\/babsognutte29dk\/","og_site_name":"Escort Annoncelight","og_image":[{"url":"http:\/\/escort-annoncelight.dk\/wp-content\/uploads\/2023\/08\/333400_1.jpg","width":1,"height":1,"type":"image\/jpeg"}],"twitter_card":"summary_large_image","schema":{"@context":"https:\/\/schema.org","@graph":[{"@type":"WebPage","@id":"http:\/\/escort-annoncelight.dk\/da\/eskortere\/babsognutte29dk\/","url":"http:\/\/escort-annoncelight.dk\/da\/eskortere\/babsognutte29dk\/","name":"BabsOgNutte29DK - Escort Annoncelight","isPartOf":{"@id":"http:\/\/escort-annoncelight.dk\/#website"},"primaryImageOfPage":{"@id":"http:\/\/escort-annoncelight.dk\/da\/eskortere\/babsognutte29dk\/#primaryimage"},"image":{"@id":"http:\/\/escort-annoncelight.dk\/da\/eskortere\/babsognutte29dk\/#primaryimage"},"thumbnailUrl":"http:\/\/escort-annoncelight.dk\/wp-content\/uploads\/2023\/08\/333400_1.jpg","datePublished":"2024-03-03T08:15:45+00:00","description":"BabsOgNutte29DK is a girl that is available in Denmark from Escort Annoncelight for you to contact. Contact BabsOgNutte29DK today. Escort Annoncelight","breadcrumb":{"@id":"http:\/\/escort-annoncelight.dk\/da\/eskortere\/babsognutte29dk\/#breadcrumb"},"inLanguage":"da-DK","potentialAction":[{"@type":"ReadAction","target":["http:\/\/escort-annoncelight.dk\/da\/eskortere\/babsognutte29dk\/"]}]},{"@type":"ImageObject","inLanguage":"da-DK","@id":"http:\/\/escort-annoncelight.dk\/da\/eskortere\/babsognutte29dk\/#primaryimage","url":"http:\/\/escort-annoncelight.dk\/wp-content\/uploads\/2023\/08\/333400_1.jpg","contentUrl":"http:\/\/escort-annoncelight.dk\/wp-content\/uploads\/2023\/08\/333400_1.jpg","caption":"BabsOgNutte29DK"},{"@type":"BreadcrumbList","@id":"http:\/\/escort-annoncelight.dk\/da\/eskortere\/babsognutte29dk\/#breadcrumb","itemListElement":[{"@type":"ListItem","position":1,"name":"Home","item":"http:\/\/escort-annoncelight.dk\/da\/"},{"@type":"ListItem","position":2,"name":"Escort Annoncelight","item":"http:\/\/escort-annoncelight.dk\/da\/"},{"@type":"ListItem","position":3,"name":"BabsOgNutte29DK"}]},{"@type":"WebSite","@id":"http:\/\/escort-annoncelight.dk\/#website","url":"http:\/\/escort-annoncelight.dk\/","name":"Sextjejer","description":"","publisher":{"@id":"http:\/\/escort-annoncelight.dk\/#organization"},"alternateName":"Escorts","potentialAction":[{"@type":"SearchAction","target":{"@type":"EntryPoint","urlTemplate":"http:\/\/escort-annoncelight.dk\/?s={search_term_string}"},"query-input":{"@type":"PropertyValueSpecification","valueRequired":true,"valueName":"search_term_string"}}],"inLanguage":"da-DK"},{"@type":"Organization","@id":"http:\/\/escort-annoncelight.dk\/#organization","name":"Sextjejer","url":"http:\/\/escort-annoncelight.dk\/","logo":{"@type":"ImageObject","inLanguage":"da-DK","@id":"http:\/\/escort-annoncelight.dk\/#\/schema\/logo\/image\/","url":"http:\/\/escort-annoncelight.dk\/wp-content\/uploads\/2023\/08\/cropped-Escort-annoncelight.dk_.jpg","contentUrl":"http:\/\/escort-annoncelight.dk\/wp-content\/uploads\/2023\/08\/cropped-Escort-annoncelight.dk_.jpg","width":200,"height":67,"caption":"Sextjejer"},"image":{"@id":"http:\/\/escort-annoncelight.dk\/#\/schema\/logo\/image\/"}}]}},"_links":{"self":[{"href":"http:\/\/escort-annoncelight.dk\/da\/wp-json\/wp\/v2\/product\/333400","targetHints":{"allow":["GET"]}}],"collection":[{"href":"http:\/\/escort-annoncelight.dk\/da\/wp-json\/wp\/v2\/product"}],"about":[{"href":"http:\/\/escort-annoncelight.dk\/da\/wp-json\/wp\/v2\/types\/product"}],"wp:featuredmedia":[{"embeddable":true,"href":"http:\/\/escort-annoncelight.dk\/da\/wp-json\/wp\/v2\/media\/12378993"}],"wp:attachment":[{"href":"http:\/\/escort-annoncelight.dk\/da\/wp-json\/wp\/v2\/media?parent=333400"}],"wp:term":[{"taxonomy":"product_brand","embeddable":true,"href":"http:\/\/escort-annoncelight.dk\/da\/wp-json\/wp\/v2\/product_brand?post=333400"},{"taxonomy":"product_cat","embeddable":true,"href":"http:\/\/escort-annoncelight.dk\/da\/wp-json\/wp\/v2\/product_cat?post=333400"},{"taxonomy":"product_tag","embeddable":true,"href":"http:\/\/escort-annoncelight.dk\/da\/wp-json\/wp\/v2\/product_tag?post=333400"}],"curies":[{"name":"wp","href":"https:\/\/api.w.org\/{rel}","templated":true}]}}