{"id":333300,"date":"2024-07-12T08:14:51","date_gmt":"2024-07-12T08:14:51","guid":{"rendered":"https:\/\/escort-annoncelight.dk\/?post_type=product&#038;p=333300"},"modified":"2024-07-12T08:14:51","modified_gmt":"2024-07-12T08:14:51","slug":"ami2much4u","status":"publish","type":"product","link":"http:\/\/escort-annoncelight.dk\/da\/escort\/ami2much4u\/","title":{"rendered":"AmI2Much4U"},"content":{"rendered":"<p>Er en pige der er meget til fr\u00e6kt lingeri,jeg s\u00e6tter pris p\u00e5 dejlig sex.Jeg er i forhold men ikke gift.K\u00e6resten ved ikke jeg s\u00f8ger herp\u00e5 siden,skal v\u00e6re diskret og vi skal kun m\u00f8des til sex.Jeg t\u00e6nder p\u00e5 p\u00e6ne fyre m\u00e6nd mellem 25 og 50.Du skal v\u00e6re renlig og s\u00f8d og rar.Rollespil er et af n\u00f8gleordene.<\/p>","protected":false},"excerpt":{"rendered":"<p>Er en pige der er meget til fr\u00e6kt lingeri,jeg s\u00e6tter pris p\u00e5 dejlig sex.Jeg er i forhold men ikke gift.K\u00e6resten ved ikke jeg s\u00f8ger herp\u00e5 siden,skal v\u00e6re diskret og vi skal kun m\u00f8des til sex.Jeg t\u00e6nder p\u00e5 p\u00e6ne fyre m\u00e6nd mellem 25 og 50.Du skal v\u00e6re renlig og s\u00f8d og rar.Rollespil er et af n\u00f8gleordene.<\/p>","protected":false},"featured_media":12373852,"template":"","meta":[],"product_brand":[],"product_cat":[2630],"product_tag":[2542,2546,2557,2535,2545,2552,2550,2554,2537,2543,2549,2536,2548,2559,2540,2547,2541,2544,2553,2555,2539,2556,2558,2551,2538],"class_list":{"0":"post-333300","1":"product","2":"type-product","3":"status-publish","4":"has-post-thumbnail","6":"product_cat-aarhus-c-escorts","7":"product_tag-annoncelight","8":"product_tag-annoncelight-dk","9":"product_tag-cam-sex","10":"product_tag-eroguide","11":"product_tag-erotik","12":"product_tag-escort-odense","13":"product_tag-escort-og-massage","14":"product_tag-escort-pige","15":"product_tag-escort-side","16":"product_tag-escort5","17":"product_tag-escorte","18":"product_tag-escortguide","19":"product_tag-escortguide-dk","20":"product_tag-gratis-erotik","21":"product_tag-gratis-sex","22":"product_tag-gratisporno","23":"product_tag-massage-escort","24":"product_tag-massage-og-escort","25":"product_tag-sex-escort","26":"product_tag-sex-i-danmark","27":"product_tag-side6","28":"product_tag-sugardaters","29":"product_tag-swingergaarden","30":"product_tag-telefonsex","31":"product_tag-xklub","32":"pa_enjoys-escort-girls-who-like-69","33":"pa_enjoys-escort-girls-who-like-creampie","34":"pa_enjoys-escort-girls-who-like-lingerie","35":"pa_enjoys-escort-girls-who-like-oral-sex","36":"pa_enjoys-escort-girls-who-like-role-play","37":"pa_enjoys-escort-girls-who-like-teasing","39":"first","40":"instock","41":"shipping-taxable","42":"product-type-external"},"yoast_head":"<!-- This site is optimized with the Yoast SEO Premium plugin v22.3 (Yoast SEO v27.3) - https:\/\/yoast.com\/product\/yoast-seo-premium-wordpress\/ -->\n<title>AmI2Much4U - Escort Annoncelight<\/title>\n<meta name=\"description\" content=\"AmI2Much4U is a girl that is available in Denmark from Escort Annoncelight for you to contact. Contact AmI2Much4U today. Escort Annoncelight\" \/>\n<meta name=\"robots\" content=\"index, follow, max-snippet:-1, max-image-preview:large, max-video-preview:-1\" \/>\n<link rel=\"canonical\" href=\"https:\/\/escort-annoncelight.dk\/da\/eskortere\/ami2much4u\/\" \/>\n<meta property=\"og:locale\" content=\"da_DK\" \/>\n<meta property=\"og:type\" content=\"article\" \/>\n<meta property=\"og:title\" content=\"AmI2Much4U\" \/>\n<meta property=\"og:description\" content=\"AmI2Much4U is a girl that is available in Denmark from Escort Annoncelight for you to contact. Contact AmI2Much4U today. Escort Annoncelight\" \/>\n<meta property=\"og:url\" content=\"https:\/\/escort-annoncelight.dk\/da\/eskortere\/ami2much4u\/\" \/>\n<meta property=\"og:site_name\" content=\"Escort Annoncelight\" \/>\n<meta property=\"og:image\" content=\"https:\/\/escort-annoncelight.dk\/wp-content\/uploads\/2023\/08\/333300_1.jpg\" \/>\n\t<meta property=\"og:image:width\" content=\"1\" \/>\n\t<meta property=\"og:image:height\" content=\"1\" \/>\n\t<meta property=\"og:image:type\" content=\"image\/jpeg\" \/>\n<meta name=\"twitter:card\" content=\"summary_large_image\" \/>\n<script type=\"application\/ld+json\" class=\"yoast-schema-graph\">{\"@context\":\"https:\\\/\\\/schema.org\",\"@graph\":[{\"@type\":\"WebPage\",\"@id\":\"https:\\\/\\\/escort-annoncelight.dk\\\/escort\\\/ami2much4u\\\/\",\"url\":\"https:\\\/\\\/escort-annoncelight.dk\\\/escort\\\/ami2much4u\\\/\",\"name\":\"AmI2Much4U - Escort Annoncelight\",\"isPartOf\":{\"@id\":\"http:\\\/\\\/escort-annoncelight.dk\\\/#website\"},\"primaryImageOfPage\":{\"@id\":\"https:\\\/\\\/escort-annoncelight.dk\\\/escort\\\/ami2much4u\\\/#primaryimage\"},\"image\":{\"@id\":\"https:\\\/\\\/escort-annoncelight.dk\\\/escort\\\/ami2much4u\\\/#primaryimage\"},\"thumbnailUrl\":\"http:\\\/\\\/escort-annoncelight.dk\\\/wp-content\\\/uploads\\\/2023\\\/08\\\/333300_1.jpg\",\"datePublished\":\"2024-07-12T08:14:51+00:00\",\"description\":\"AmI2Much4U is a girl that is available in Denmark from Escort Annoncelight for you to contact. Contact AmI2Much4U today. Escort Annoncelight\",\"breadcrumb\":{\"@id\":\"https:\\\/\\\/escort-annoncelight.dk\\\/escort\\\/ami2much4u\\\/#breadcrumb\"},\"inLanguage\":\"da-DK\",\"potentialAction\":[{\"@type\":\"ReadAction\",\"target\":[\"https:\\\/\\\/escort-annoncelight.dk\\\/escort\\\/ami2much4u\\\/\"]}]},{\"@type\":\"ImageObject\",\"inLanguage\":\"da-DK\",\"@id\":\"https:\\\/\\\/escort-annoncelight.dk\\\/escort\\\/ami2much4u\\\/#primaryimage\",\"url\":\"http:\\\/\\\/escort-annoncelight.dk\\\/wp-content\\\/uploads\\\/2023\\\/08\\\/333300_1.jpg\",\"contentUrl\":\"http:\\\/\\\/escort-annoncelight.dk\\\/wp-content\\\/uploads\\\/2023\\\/08\\\/333300_1.jpg\",\"caption\":\"AmI2Much4U\"},{\"@type\":\"BreadcrumbList\",\"@id\":\"https:\\\/\\\/escort-annoncelight.dk\\\/escort\\\/ami2much4u\\\/#breadcrumb\",\"itemListElement\":[{\"@type\":\"ListItem\",\"position\":1,\"name\":\"Home\",\"item\":\"http:\\\/\\\/escort-annoncelight.dk\\\/\"},{\"@type\":\"ListItem\",\"position\":2,\"name\":\"Escort Annoncelight\",\"item\":\"http:\\\/\\\/escort-annoncelight.dk\\\/\"},{\"@type\":\"ListItem\",\"position\":3,\"name\":\"AmI2Much4U\"}]},{\"@type\":\"WebSite\",\"@id\":\"http:\\\/\\\/escort-annoncelight.dk\\\/#website\",\"url\":\"http:\\\/\\\/escort-annoncelight.dk\\\/\",\"name\":\"Sextjejer\",\"description\":\"\",\"publisher\":{\"@id\":\"http:\\\/\\\/escort-annoncelight.dk\\\/#organization\"},\"alternateName\":\"Escorts\",\"potentialAction\":[{\"@type\":\"SearchAction\",\"target\":{\"@type\":\"EntryPoint\",\"urlTemplate\":\"http:\\\/\\\/escort-annoncelight.dk\\\/?s={search_term_string}\"},\"query-input\":{\"@type\":\"PropertyValueSpecification\",\"valueRequired\":true,\"valueName\":\"search_term_string\"}}],\"inLanguage\":\"da-DK\"},{\"@type\":\"Organization\",\"@id\":\"http:\\\/\\\/escort-annoncelight.dk\\\/#organization\",\"name\":\"Sextjejer\",\"url\":\"http:\\\/\\\/escort-annoncelight.dk\\\/\",\"logo\":{\"@type\":\"ImageObject\",\"inLanguage\":\"da-DK\",\"@id\":\"http:\\\/\\\/escort-annoncelight.dk\\\/#\\\/schema\\\/logo\\\/image\\\/\",\"url\":\"http:\\\/\\\/escort-annoncelight.dk\\\/wp-content\\\/uploads\\\/2023\\\/08\\\/cropped-Escort-annoncelight.dk_.jpg\",\"contentUrl\":\"http:\\\/\\\/escort-annoncelight.dk\\\/wp-content\\\/uploads\\\/2023\\\/08\\\/cropped-Escort-annoncelight.dk_.jpg\",\"width\":200,\"height\":67,\"caption\":\"Sextjejer\"},\"image\":{\"@id\":\"http:\\\/\\\/escort-annoncelight.dk\\\/#\\\/schema\\\/logo\\\/image\\\/\"}}]}<\/script>\n<!-- \/ Yoast SEO Premium plugin. -->","yoast_head_json":{"title":"AmI2Much4U - Escort Annoncelight","description":"AmI2Much4U er en pige, der er tilg\u00e6ngelig i Danmark fra Escort Annoncelight for dig at kontakte. Kontakt AmI2Much4U i dag. Escort Annoncelight","robots":{"index":"index","follow":"follow","max-snippet":"max-snippet:-1","max-image-preview":"max-image-preview:large","max-video-preview":"max-video-preview:-1"},"canonical":"https:\/\/escort-annoncelight.dk\/da\/eskortere\/ami2much4u\/","og_locale":"da_DK","og_type":"article","og_title":"AmI2Much4U","og_description":"AmI2Much4U is a girl that is available in Denmark from Escort Annoncelight for you to contact. Contact AmI2Much4U today. Escort Annoncelight","og_url":"https:\/\/escort-annoncelight.dk\/da\/eskortere\/ami2much4u\/","og_site_name":"Escort Annoncelight","og_image":[{"url":"https:\/\/escort-annoncelight.dk\/wp-content\/uploads\/2023\/08\/333300_1.jpg","width":1,"height":1,"type":"image\/jpeg"}],"twitter_card":"summary_large_image","schema":{"@context":"https:\/\/schema.org","@graph":[{"@type":"WebPage","@id":"https:\/\/escort-annoncelight.dk\/escort\/ami2much4u\/","url":"https:\/\/escort-annoncelight.dk\/escort\/ami2much4u\/","name":"AmI2Much4U - Escort Annoncelight","isPartOf":{"@id":"http:\/\/escort-annoncelight.dk\/#website"},"primaryImageOfPage":{"@id":"https:\/\/escort-annoncelight.dk\/escort\/ami2much4u\/#primaryimage"},"image":{"@id":"https:\/\/escort-annoncelight.dk\/escort\/ami2much4u\/#primaryimage"},"thumbnailUrl":"http:\/\/escort-annoncelight.dk\/wp-content\/uploads\/2023\/08\/333300_1.jpg","datePublished":"2024-07-12T08:14:51+00:00","description":"AmI2Much4U er en pige, der er tilg\u00e6ngelig i Danmark fra Escort Annoncelight for dig at kontakte. Kontakt AmI2Much4U i dag. Escort Annoncelight","breadcrumb":{"@id":"https:\/\/escort-annoncelight.dk\/escort\/ami2much4u\/#breadcrumb"},"inLanguage":"da-DK","potentialAction":[{"@type":"ReadAction","target":["https:\/\/escort-annoncelight.dk\/escort\/ami2much4u\/"]}]},{"@type":"ImageObject","inLanguage":"da-DK","@id":"https:\/\/escort-annoncelight.dk\/escort\/ami2much4u\/#primaryimage","url":"http:\/\/escort-annoncelight.dk\/wp-content\/uploads\/2023\/08\/333300_1.jpg","contentUrl":"http:\/\/escort-annoncelight.dk\/wp-content\/uploads\/2023\/08\/333300_1.jpg","caption":"AmI2Much4U"},{"@type":"BreadcrumbList","@id":"https:\/\/escort-annoncelight.dk\/escort\/ami2much4u\/#breadcrumb","itemListElement":[{"@type":"ListItem","position":1,"name":"Home","item":"http:\/\/escort-annoncelight.dk\/"},{"@type":"ListItem","position":2,"name":"Escort Annoncelight","item":"http:\/\/escort-annoncelight.dk\/"},{"@type":"ListItem","position":3,"name":"AmI2Much4U"}]},{"@type":"WebSite","@id":"http:\/\/escort-annoncelight.dk\/#website","url":"http:\/\/escort-annoncelight.dk\/","name":"Sextjejer","description":"","publisher":{"@id":"http:\/\/escort-annoncelight.dk\/#organization"},"alternateName":"Escorts","potentialAction":[{"@type":"SearchAction","target":{"@type":"EntryPoint","urlTemplate":"http:\/\/escort-annoncelight.dk\/?s={search_term_string}"},"query-input":{"@type":"PropertyValueSpecification","valueRequired":true,"valueName":"search_term_string"}}],"inLanguage":"da-DK"},{"@type":"Organization","@id":"http:\/\/escort-annoncelight.dk\/#organization","name":"Sextjejer","url":"http:\/\/escort-annoncelight.dk\/","logo":{"@type":"ImageObject","inLanguage":"da-DK","@id":"http:\/\/escort-annoncelight.dk\/#\/schema\/logo\/image\/","url":"http:\/\/escort-annoncelight.dk\/wp-content\/uploads\/2023\/08\/cropped-Escort-annoncelight.dk_.jpg","contentUrl":"http:\/\/escort-annoncelight.dk\/wp-content\/uploads\/2023\/08\/cropped-Escort-annoncelight.dk_.jpg","width":200,"height":67,"caption":"Sextjejer"},"image":{"@id":"http:\/\/escort-annoncelight.dk\/#\/schema\/logo\/image\/"}}]}},"_links":{"self":[{"href":"http:\/\/escort-annoncelight.dk\/da\/wp-json\/wp\/v2\/product\/333300","targetHints":{"allow":["GET"]}}],"collection":[{"href":"http:\/\/escort-annoncelight.dk\/da\/wp-json\/wp\/v2\/product"}],"about":[{"href":"http:\/\/escort-annoncelight.dk\/da\/wp-json\/wp\/v2\/types\/product"}],"wp:featuredmedia":[{"embeddable":true,"href":"http:\/\/escort-annoncelight.dk\/da\/wp-json\/wp\/v2\/media\/12373852"}],"wp:attachment":[{"href":"http:\/\/escort-annoncelight.dk\/da\/wp-json\/wp\/v2\/media?parent=333300"}],"wp:term":[{"taxonomy":"product_brand","embeddable":true,"href":"http:\/\/escort-annoncelight.dk\/da\/wp-json\/wp\/v2\/product_brand?post=333300"},{"taxonomy":"product_cat","embeddable":true,"href":"http:\/\/escort-annoncelight.dk\/da\/wp-json\/wp\/v2\/product_cat?post=333300"},{"taxonomy":"product_tag","embeddable":true,"href":"http:\/\/escort-annoncelight.dk\/da\/wp-json\/wp\/v2\/product_tag?post=333300"}],"curies":[{"name":"wp","href":"https:\/\/api.w.org\/{rel}","templated":true}]}}