{"id":333215,"date":"1970-01-01T00:00:00","date_gmt":"1970-01-01T00:00:00","guid":{"rendered":"https:\/\/escort-annoncelight.dk\/escort\/bamseline\/"},"modified":"2023-08-16T10:39:34","modified_gmt":"2023-08-16T10:39:34","slug":"bamseline","status":"publish","type":"product","link":"http:\/\/escort-annoncelight.dk\/da\/escort\/bamseline\/","title":{"rendered":"bamseline"},"content":{"rendered":"<p>H\u00f8j, slank, halvlangt lyst h\u00e5r. Mit \u00e6gteskab fungerer ikke som det burde g\u00f8re. G\u00f8r dit det? S\u00e5 var du jo ikke p\u00e5 denne site&#8230;hmmm. Hvorfor g\u00e5 og mangle omsorg, k\u00e6rtegn, v\u00e6rds\u00e6ttelse, \u00f8mhed, opm\u00e6rksomhed, f\u00e6lles nydelse n\u00e5r vi er to som savner det og kan give hinanden det ??? Jeg er meget kvalitetsbevidst i alle sammenh\u00e6ng ogs\u00e5 her. Har et godt job, hvor jeg selv bestemmer min arbejdstid.S\u00e5 der bliver tid til dig. T\u00f8r du m\u00f8de mig ??? Hende som kun g\u00e5r efter toppen p\u00e5 kransekagen. Intet mindre.<\/p>","protected":false},"excerpt":{"rendered":"<p>H\u00f8j, slank, halvlangt lyst h\u00e5r. Mit \u00e6gteskab fungerer ikke som det burde g\u00f8re. G\u00f8r dit det? S\u00e5 var du jo ikke p\u00e5 denne site&#8230;hmmm. Hvorfor g\u00e5 og mangle omsorg, k\u00e6rtegn, v\u00e6rds\u00e6ttelse, \u00f8mhed, opm\u00e6rksomhed, f\u00e6lles nydelse n\u00e5r vi er to som savner det og kan give hinanden det ??? Jeg er meget kvalitetsbevidst i alle sammenh\u00e6ng &hellip; <a href=\"http:\/\/escort-annoncelight.dk\/da\/escort\/bamseline\/\" class=\"more-link\">Continue reading <span class=\"screen-reader-text\">bamseline<\/span><\/a><\/p>","protected":false},"featured_media":12374477,"template":"","meta":[],"product_brand":[],"product_cat":[2676],"product_tag":[2542,2546,2557,2535,2545,2552,2550,2554,2537,2543,2549,2536,2548,2559,2540,2547,2541,2544,2553,2555,2539,2556,2558,2551,2538],"class_list":{"0":"post-333215","1":"product","2":"type-product","3":"status-publish","4":"has-post-thumbnail","6":"product_cat-esbjerg-escorts","7":"product_tag-annoncelight","8":"product_tag-annoncelight-dk","9":"product_tag-cam-sex","10":"product_tag-eroguide","11":"product_tag-erotik","12":"product_tag-escort-odense","13":"product_tag-escort-og-massage","14":"product_tag-escort-pige","15":"product_tag-escort-side","16":"product_tag-escort5","17":"product_tag-escorte","18":"product_tag-escortguide","19":"product_tag-escortguide-dk","20":"product_tag-gratis-erotik","21":"product_tag-gratis-sex","22":"product_tag-gratisporno","23":"product_tag-massage-escort","24":"product_tag-massage-og-escort","25":"product_tag-sex-escort","26":"product_tag-sex-i-danmark","27":"product_tag-side6","28":"product_tag-sugardaters","29":"product_tag-swingergaarden","30":"product_tag-telefonsex","31":"product_tag-xklub","32":"pa_enjoys-escort-girls-who-like-69","33":"pa_enjoys-escort-girls-who-like-anal","34":"pa_enjoys-escort-girls-who-like-big-dick","35":"pa_enjoys-escort-girls-who-like-blowjob","36":"pa_enjoys-escort-girls-who-like-cybersex","37":"pa_enjoys-escort-girls-who-like-dildo","38":"pa_enjoys-escort-girls-who-like-experimental","39":"pa_enjoys-escort-girls-who-like-facials","40":"pa_enjoys-escort-girls-who-like-massage","41":"pa_enjoys-escort-girls-who-like-mature","42":"pa_enjoys-escort-girls-who-like-oral-sex","43":"pa_enjoys-escort-girls-who-like-role-play","44":"pa_enjoys-escort-girls-who-like-sex-toys","45":"pa_enjoys-escort-girls-who-like-straight-sex","46":"pa_enjoys-escort-girls-who-like-teasing","48":"first","49":"instock","50":"shipping-taxable","51":"product-type-external"},"yoast_head":"<!-- This site is optimized with the Yoast SEO Premium plugin v22.3 (Yoast SEO v27.3) - https:\/\/yoast.com\/product\/yoast-seo-premium-wordpress\/ -->\n<title>bamseline - Escort Annoncelight<\/title>\n<meta name=\"description\" content=\"bamseline is a girl that is available in Denmark from Escort Annoncelight for you to contact. Contact bamseline today. Escort Annoncelight\" \/>\n<meta name=\"robots\" content=\"index, follow, max-snippet:-1, max-image-preview:large, max-video-preview:-1\" \/>\n<link rel=\"canonical\" href=\"http:\/\/escort-annoncelight.dk\/da\/eskortere\/bamseline\/\" \/>\n<meta property=\"og:locale\" content=\"da_DK\" \/>\n<meta property=\"og:type\" content=\"article\" \/>\n<meta property=\"og:title\" content=\"bamseline\" \/>\n<meta property=\"og:description\" content=\"bamseline is a girl that is available in Denmark from Escort Annoncelight for you to contact. Contact bamseline today. Escort Annoncelight\" \/>\n<meta property=\"og:url\" content=\"http:\/\/escort-annoncelight.dk\/da\/eskortere\/bamseline\/\" \/>\n<meta property=\"og:site_name\" content=\"Escort Annoncelight\" \/>\n<meta property=\"article:modified_time\" content=\"2023-08-16T10:39:34+00:00\" \/>\n<meta property=\"og:image\" content=\"http:\/\/escort-annoncelight.dk\/wp-content\/uploads\/2023\/08\/333215_1.jpg\" \/>\n\t<meta property=\"og:image:width\" content=\"1\" \/>\n\t<meta property=\"og:image:height\" content=\"1\" \/>\n\t<meta property=\"og:image:type\" content=\"image\/jpeg\" \/>\n<meta name=\"twitter:card\" content=\"summary_large_image\" \/>\n<meta name=\"twitter:label1\" content=\"Estimeret l\u00e6setid\" \/>\n\t<meta name=\"twitter:data1\" content=\"1 minut\" \/>\n<script type=\"application\/ld+json\" class=\"yoast-schema-graph\">{\"@context\":\"https:\\\/\\\/schema.org\",\"@graph\":[{\"@type\":\"WebPage\",\"@id\":\"http:\\\/\\\/escort-annoncelight.dk\\\/da\\\/eskortere\\\/bamseline\\\/\",\"url\":\"http:\\\/\\\/escort-annoncelight.dk\\\/da\\\/eskortere\\\/bamseline\\\/\",\"name\":\"bamseline - Escort Annoncelight\",\"isPartOf\":{\"@id\":\"http:\\\/\\\/escort-annoncelight.dk\\\/#website\"},\"primaryImageOfPage\":{\"@id\":\"http:\\\/\\\/escort-annoncelight.dk\\\/da\\\/eskortere\\\/bamseline\\\/#primaryimage\"},\"image\":{\"@id\":\"http:\\\/\\\/escort-annoncelight.dk\\\/da\\\/eskortere\\\/bamseline\\\/#primaryimage\"},\"thumbnailUrl\":\"http:\\\/\\\/escort-annoncelight.dk\\\/wp-content\\\/uploads\\\/2023\\\/08\\\/333215_1.jpg\",\"datePublished\":\"1970-01-01T00:00:00+00:00\",\"dateModified\":\"2023-08-16T10:39:34+00:00\",\"description\":\"bamseline is a girl that is available in Denmark from Escort Annoncelight for you to contact. Contact bamseline today. Escort Annoncelight\",\"breadcrumb\":{\"@id\":\"http:\\\/\\\/escort-annoncelight.dk\\\/da\\\/eskortere\\\/bamseline\\\/#breadcrumb\"},\"inLanguage\":\"da-DK\",\"potentialAction\":[{\"@type\":\"ReadAction\",\"target\":[\"http:\\\/\\\/escort-annoncelight.dk\\\/da\\\/eskortere\\\/bamseline\\\/\"]}]},{\"@type\":\"ImageObject\",\"inLanguage\":\"da-DK\",\"@id\":\"http:\\\/\\\/escort-annoncelight.dk\\\/da\\\/eskortere\\\/bamseline\\\/#primaryimage\",\"url\":\"http:\\\/\\\/escort-annoncelight.dk\\\/wp-content\\\/uploads\\\/2023\\\/08\\\/333215_1.jpg\",\"contentUrl\":\"http:\\\/\\\/escort-annoncelight.dk\\\/wp-content\\\/uploads\\\/2023\\\/08\\\/333215_1.jpg\",\"caption\":\"bamseline\"},{\"@type\":\"BreadcrumbList\",\"@id\":\"http:\\\/\\\/escort-annoncelight.dk\\\/da\\\/eskortere\\\/bamseline\\\/#breadcrumb\",\"itemListElement\":[{\"@type\":\"ListItem\",\"position\":1,\"name\":\"Home\",\"item\":\"http:\\\/\\\/escort-annoncelight.dk\\\/da\\\/\"},{\"@type\":\"ListItem\",\"position\":2,\"name\":\"Escort Annoncelight\",\"item\":\"http:\\\/\\\/escort-annoncelight.dk\\\/da\\\/\"},{\"@type\":\"ListItem\",\"position\":3,\"name\":\"bamseline\"}]},{\"@type\":\"WebSite\",\"@id\":\"http:\\\/\\\/escort-annoncelight.dk\\\/#website\",\"url\":\"http:\\\/\\\/escort-annoncelight.dk\\\/\",\"name\":\"Sextjejer\",\"description\":\"\",\"publisher\":{\"@id\":\"http:\\\/\\\/escort-annoncelight.dk\\\/#organization\"},\"alternateName\":\"Escorts\",\"potentialAction\":[{\"@type\":\"SearchAction\",\"target\":{\"@type\":\"EntryPoint\",\"urlTemplate\":\"http:\\\/\\\/escort-annoncelight.dk\\\/?s={search_term_string}\"},\"query-input\":{\"@type\":\"PropertyValueSpecification\",\"valueRequired\":true,\"valueName\":\"search_term_string\"}}],\"inLanguage\":\"da-DK\"},{\"@type\":\"Organization\",\"@id\":\"http:\\\/\\\/escort-annoncelight.dk\\\/#organization\",\"name\":\"Sextjejer\",\"url\":\"http:\\\/\\\/escort-annoncelight.dk\\\/\",\"logo\":{\"@type\":\"ImageObject\",\"inLanguage\":\"da-DK\",\"@id\":\"http:\\\/\\\/escort-annoncelight.dk\\\/#\\\/schema\\\/logo\\\/image\\\/\",\"url\":\"http:\\\/\\\/escort-annoncelight.dk\\\/wp-content\\\/uploads\\\/2023\\\/08\\\/cropped-Escort-annoncelight.dk_.jpg\",\"contentUrl\":\"http:\\\/\\\/escort-annoncelight.dk\\\/wp-content\\\/uploads\\\/2023\\\/08\\\/cropped-Escort-annoncelight.dk_.jpg\",\"width\":200,\"height\":67,\"caption\":\"Sextjejer\"},\"image\":{\"@id\":\"http:\\\/\\\/escort-annoncelight.dk\\\/#\\\/schema\\\/logo\\\/image\\\/\"}}]}<\/script>\n<!-- \/ Yoast SEO Premium plugin. -->","yoast_head_json":{"title":"bamseline - Escort Annoncelight","description":"bamseline is a girl that is available in Denmark from Escort Annoncelight for you to contact. Contact bamseline today. Escort Annoncelight","robots":{"index":"index","follow":"follow","max-snippet":"max-snippet:-1","max-image-preview":"max-image-preview:large","max-video-preview":"max-video-preview:-1"},"canonical":"http:\/\/escort-annoncelight.dk\/da\/eskortere\/bamseline\/","og_locale":"da_DK","og_type":"article","og_title":"bamseline","og_description":"bamseline is a girl that is available in Denmark from Escort Annoncelight for you to contact. Contact bamseline today. Escort Annoncelight","og_url":"http:\/\/escort-annoncelight.dk\/da\/eskortere\/bamseline\/","og_site_name":"Escort Annoncelight","article_modified_time":"2023-08-16T10:39:34+00:00","og_image":[{"url":"http:\/\/escort-annoncelight.dk\/wp-content\/uploads\/2023\/08\/333215_1.jpg","width":1,"height":1,"type":"image\/jpeg"}],"twitter_card":"summary_large_image","twitter_misc":{"Estimeret l\u00e6setid":"1 minut"},"schema":{"@context":"https:\/\/schema.org","@graph":[{"@type":"WebPage","@id":"http:\/\/escort-annoncelight.dk\/da\/eskortere\/bamseline\/","url":"http:\/\/escort-annoncelight.dk\/da\/eskortere\/bamseline\/","name":"bamseline - Escort Annoncelight","isPartOf":{"@id":"http:\/\/escort-annoncelight.dk\/#website"},"primaryImageOfPage":{"@id":"http:\/\/escort-annoncelight.dk\/da\/eskortere\/bamseline\/#primaryimage"},"image":{"@id":"http:\/\/escort-annoncelight.dk\/da\/eskortere\/bamseline\/#primaryimage"},"thumbnailUrl":"http:\/\/escort-annoncelight.dk\/wp-content\/uploads\/2023\/08\/333215_1.jpg","datePublished":"1970-01-01T00:00:00+00:00","dateModified":"2023-08-16T10:39:34+00:00","description":"bamseline is a girl that is available in Denmark from Escort Annoncelight for you to contact. Contact bamseline today. Escort Annoncelight","breadcrumb":{"@id":"http:\/\/escort-annoncelight.dk\/da\/eskortere\/bamseline\/#breadcrumb"},"inLanguage":"da-DK","potentialAction":[{"@type":"ReadAction","target":["http:\/\/escort-annoncelight.dk\/da\/eskortere\/bamseline\/"]}]},{"@type":"ImageObject","inLanguage":"da-DK","@id":"http:\/\/escort-annoncelight.dk\/da\/eskortere\/bamseline\/#primaryimage","url":"http:\/\/escort-annoncelight.dk\/wp-content\/uploads\/2023\/08\/333215_1.jpg","contentUrl":"http:\/\/escort-annoncelight.dk\/wp-content\/uploads\/2023\/08\/333215_1.jpg","caption":"bamseline"},{"@type":"BreadcrumbList","@id":"http:\/\/escort-annoncelight.dk\/da\/eskortere\/bamseline\/#breadcrumb","itemListElement":[{"@type":"ListItem","position":1,"name":"Home","item":"http:\/\/escort-annoncelight.dk\/da\/"},{"@type":"ListItem","position":2,"name":"Escort Annoncelight","item":"http:\/\/escort-annoncelight.dk\/da\/"},{"@type":"ListItem","position":3,"name":"bamseline"}]},{"@type":"WebSite","@id":"http:\/\/escort-annoncelight.dk\/#website","url":"http:\/\/escort-annoncelight.dk\/","name":"Sextjejer","description":"","publisher":{"@id":"http:\/\/escort-annoncelight.dk\/#organization"},"alternateName":"Escorts","potentialAction":[{"@type":"SearchAction","target":{"@type":"EntryPoint","urlTemplate":"http:\/\/escort-annoncelight.dk\/?s={search_term_string}"},"query-input":{"@type":"PropertyValueSpecification","valueRequired":true,"valueName":"search_term_string"}}],"inLanguage":"da-DK"},{"@type":"Organization","@id":"http:\/\/escort-annoncelight.dk\/#organization","name":"Sextjejer","url":"http:\/\/escort-annoncelight.dk\/","logo":{"@type":"ImageObject","inLanguage":"da-DK","@id":"http:\/\/escort-annoncelight.dk\/#\/schema\/logo\/image\/","url":"http:\/\/escort-annoncelight.dk\/wp-content\/uploads\/2023\/08\/cropped-Escort-annoncelight.dk_.jpg","contentUrl":"http:\/\/escort-annoncelight.dk\/wp-content\/uploads\/2023\/08\/cropped-Escort-annoncelight.dk_.jpg","width":200,"height":67,"caption":"Sextjejer"},"image":{"@id":"http:\/\/escort-annoncelight.dk\/#\/schema\/logo\/image\/"}}]}},"_links":{"self":[{"href":"http:\/\/escort-annoncelight.dk\/da\/wp-json\/wp\/v2\/product\/333215","targetHints":{"allow":["GET"]}}],"collection":[{"href":"http:\/\/escort-annoncelight.dk\/da\/wp-json\/wp\/v2\/product"}],"about":[{"href":"http:\/\/escort-annoncelight.dk\/da\/wp-json\/wp\/v2\/types\/product"}],"wp:featuredmedia":[{"embeddable":true,"href":"http:\/\/escort-annoncelight.dk\/da\/wp-json\/wp\/v2\/media\/12374477"}],"wp:attachment":[{"href":"http:\/\/escort-annoncelight.dk\/da\/wp-json\/wp\/v2\/media?parent=333215"}],"wp:term":[{"taxonomy":"product_brand","embeddable":true,"href":"http:\/\/escort-annoncelight.dk\/da\/wp-json\/wp\/v2\/product_brand?post=333215"},{"taxonomy":"product_cat","embeddable":true,"href":"http:\/\/escort-annoncelight.dk\/da\/wp-json\/wp\/v2\/product_cat?post=333215"},{"taxonomy":"product_tag","embeddable":true,"href":"http:\/\/escort-annoncelight.dk\/da\/wp-json\/wp\/v2\/product_tag?post=333215"}],"curies":[{"name":"wp","href":"https:\/\/api.w.org\/{rel}","templated":true}]}}